{"id":164,"date":"2021-10-07T13:56:39","date_gmt":"2021-10-07T10:56:39","guid":{"rendered":"https:\/\/svt.ro\/t-sense\/?page_id=164"},"modified":"2021-10-08T16:24:11","modified_gmt":"2021-10-08T13:24:11","slug":"cookie-politika","status":"publish","type":"page","link":"https:\/\/svt.ro\/t-sense\/hu\/cookie-politika\/","title":{"rendered":"Cookie politika"},"content":{"rendered":"<h4>1. Mi a cookie f\u00e1jl \u00e9s milyen c\u00e9lb\u00f3l haszn\u00e1ljuk?<\/h4>\n<p>Weboldalunk cookie f\u00e1jl technologi\u00e1t haszn\u00e1l, hogy jobb, szem\u00e9lyre szabottabb webszolg\u00e1ltat\u00e1st b\u00edztos\u00edtson az \u00d6n r\u00e9sz\u00e9re. Az oldalunk \u00e1ltal haszn\u00e1lt cookie f\u00e1jlokban t\u00e1rolt adatok soha nem tartalmaznak olyan szem\u00e9lyes r\u00e9szleteket, amelyek alapj\u00e1n az egy\u00e9n kil\u00e9t\u00e9t meg lehetne \u00e1llap\u00edtani.<\/p>\n<p>A cookie f\u00e1jl egy olyan kis sz\u00f6vegf\u00e1jl amely az \u00d6n v\u00e9gs\u0151 k\u00e9sz\u00fcl\u00e9k\u00e9nek (p\u00e9ld\u00e1ul sz\u00e1m\u00edt\u00f3g\u00e9p, laptop vagy okostelefon) merevlemez\u00e9n tal\u00e1lhat\u00f3 b\u00f6ng\u00e9sz\u0151j\u00e9ben t\u00e1rol\u00f3dik vagy ez \u00e1ltal olvas\u00f3dik be, a l\u00e1togatott oldalak f\u00fcggv\u00e9ny\u00e9ben. Ugyanakkor, a cookie f\u00e1jlok biztons\u00e1gosabb\u00e1 \u00e9s gyorsabb\u00e1 teszik az \u00d6n weboldalakkal val\u00f3 interkci\u00f3j\u00e1t, eml\u00e9kezve be\u00e1ll\u00edt\u00e1saira (p\u00e9ld\u00e1ul azonos\u00edt\u00f3, nyelv), az \u00e1ltal, hogy az inform\u00e1ci\u00f3t \u00e1tk\u00fcldik a forr\u00e1soldalra (first-party cookie) vagy egy harmadik f\u00e9l oldal\u00e1ra, amelyhez tartoznak (third-party cookie), amikor \u00d6n \u00fajb\u00f3l erre az oldalra l\u00e1togat ugyanarr\u00f3l a v\u00e9gs\u0151 k\u00e9sz\u00fcl\u00e9kr\u0151l.<\/p>\n<h4>2. Hogyan ellen\u0151rizheti a cookie f\u00e1jlokat?<\/h4>\n<p>B\u00e1rmikor visszavonhatja a cookie f\u00e1jlokkal kapcsolatosan ny\u00fajtott beleegyez\u00e9s\u00e9t. E c\u00e9lb\u00f3l letilthatja vagy elt\u00e1vol\u00edthatja a cookie f\u00e1jlokat ak\u00e1r a webb\u00f6ng\u00e9sz\u0151 be\u00e1ll\u00edt\u00e1sain kereszt\u00fcl, ak\u00e1r egy harmadik f\u00e9lt\u0151l sz\u00e1rmaz\u00f3 szoftver haszn\u00e1lat\u00e1val, vagy az al\u00e1bbi szakaszokban tal\u00e1lhat\u00f3 cookie-kateg\u00f3ri\u00e1kra vonatkoz\u00f3 utas\u00edt\u00e1sok k\u00f6vet\u00e9s\u00e9vel. B\u00e1rmely esetben, probl\u00e9m\u00e1k mer\u00fclhetnek fel a weboldal bizonyos r\u00e9szeinek haszn\u00e1lat\u00e1val kapcsolatosan, ha a cookie f\u00e1jlokat letiltja.<\/p>\n<p>Amennyiben el szeretn\u00e9 t\u00e1vol\u00edtani a k\u00e9sz\u00fcl\u00e9k\u00e9n t\u00e1rolt cookie f\u00e1jlokat \u00e9s b\u00f6ng\u00e9sz\u0151j\u00e9t \u00fagy szeretn\u00e9 be\u00e1ll\u00edtani, hogy ez a cookie f\u00e1jlokat elutas\u00edtsa, javasoljuk webb\u00f6ng\u00e9sz\u0151je be\u00e1ll\u00edt\u00e1sainak alkalmaz\u00e1s\u00e1t. \u00c1ltal\u00e1ban a cookie f\u00e1jlokkal kapcsolatos navig\u00e1ci\u00f3s be\u00e1ll\u00edt\u00e1sokat a weboldalunk megtekint\u00e9s\u00e9re haszn\u00e1lt b\u00f6ng\u00e9sz\u0151je \u201eOpci\u00f3k\u201d, \u201eEszk\u00f6z\u00f6k\u201d vagy \u201eBe\u00e1ll\u00edt\u00e1sok\u201d men\u00fcj\u00e9ben \u00e9rheti el. A l\u00e9tez\u0151 b\u00f6ng\u00e9sz\u0151k f\u00fcggv\u00e9ny\u00e9ben, k\u00fcl\u00f6nb\u00f6z\u0151 lehet\u0151s\u00e9gek \u00e1llnak rendelkez\u00e9s\u00e9re a cookie f\u00e1jlok let\u00edlt\u00e1s\u00e1ra. Tov\u00e1bbi inform\u00e1ci\u00f3t b\u00f6ng\u00e9sz\u0151j\u00e9nek honlapj\u00e1n tal\u00e1l:<\/p>\n<ul>\n<li>Cookie f\u00e1jl be\u00e1ll\u00edt\u00e1sok Internet Explorer-ben \u2013 Internet Explorer;<\/li>\n<li>Cookie f\u00e1jl be\u00e1ll\u00edt\u00e1sok Firefox-ban \u2013 Firefox;<\/li>\n<li>Cookie f\u00e1jl be\u00e1ll\u00edt\u00e1sok Chrome-ban \u2013 Chrome;<\/li>\n<li>Cookie f\u00e1jl be\u00e1ll\u00edt\u00e1sok Safari-ban \u2013 Safari;<\/li>\n<li>Cookie f\u00e1jl be\u00e1ll\u00edt\u00e1sok Edge-ben \u2013 Edge;<\/li>\n<li>Cookie f\u00e1jl be\u00e1ll\u00edt\u00e1sok Opera-ban \u2013 Opera.<\/li>\n<\/ul>\n<p>Amennyiben a cookie f\u00e1jlokr\u00f3l t\u00f6bbet szeretne megtudni, k\u00e9rj\u00fck, l\u00e1togasson el a www.allaboutcookies.org -ra vagy tekintse meg a www.youronlinechoices.eu honlapot, amely tov\u00e1bbi inform\u00e1ci\u00f3t tartalmaz az online viselked\u00e9s ny\u00edlv\u00e1noss\u00e1g\u00e1r\u00f3l \u00e9s az online mag\u00e1n\u00e9letr\u0151l.<\/p>\n<h4>3. A weboldalon haszn\u00e1lt cookie f\u00e1jlok<\/h4>\n<p>A cookie f\u00e1jlok, amelyeket a SVT Electronics Kft. haszn\u00e1l weboldal\u00e1n, haszn\u00e1latuk funkci\u00f3j\u00e1nak \u00e9s c\u00e9lj\u00e1nak f\u00fcggv\u00e9ny\u00e9ben rendszerint az al\u00e1bbi kateg\u00f3ri\u00e1kba sorolhat\u00f3ak:<\/p>\n<ul>\n<li>A felt\u00e9tlen\u00fcl sz\u00fcks\u00e9ges cookie f\u00e1jlok\u00a0amelyek lehet\u0151v\u00e9 teszik a b\u00f6ng\u00e9sz\u00e9st \u00e9s az alapfunkci\u00f3k haszn\u00e1lat\u00e1t. \u00c1ltal\u00e1ban ezek az \u00d6n szolg\u00e1ltat\u00e1s ig\u00e9nyl\u00e9s\u00e9vel egyenjog\u00fa int\u00e9zked\u00e9seinek eredm\u00e9nyek\u00e9nt telep\u00edt\u0151dnek. Ezek a cookie f\u00e1jlok elengethetetlenek a weboldal haszn\u00e1lt\u00e1hoz.<\/li>\n<li>Funkci\u00f3kkal kapcsolatos cookie f\u00e1jlokat haszn\u00e1lunk annak \u00e9rdek\u00e9ben, hogy eml\u00e9kezz\u00fcnk \u00d6nre \u00e9s jobb, szem\u00e9lre szabotabb funkci\u00f3kat biztos\u00edtsunk az \u00d6n r\u00e9sz\u00e9re, mint p\u00e9ld\u00e1ul be\u00e1ll\u00edt\u00e1sainak megjegyz\u00e9se. Ezek a cookie f\u00e1jlok n\u00e9vtelen inform\u00e1ci\u00f3t gy\u0171jtenek \u00e9s nem \u00e1ll m\u00f3djukban az \u00d6n b\u00f6ng\u00e9sz\u00e9s\u00e9t m\u00e1s weboldalakon nyomon k\u00f6vetni. Ezek a cookie f\u00e1jlok maximum 2 \u00e9v ut\u00e1n elavulnak.<\/li>\n<li>Az anal\u00edtikus \u00e9s teljes\u00edtm\u00e9nykimutat\u00f3 cookie f\u00e1jlok lehet\u0151v\u00e9 teszik a felhaszn\u00e1lok felismer\u00e9s\u00e9t \u00e9s megsz\u00e1ml\u00e1l\u00e1s\u00e1t, valamint a weboldal haszn\u00e1lat\u00e1val kapcsolatos inform\u00e1ci\u00f3 gy\u0171jt\u00e9s\u00e9t (p\u00e9ld\u00e1ul, a felhaszn\u00e1l\u00f3 \u00e1ltal leggyakrabban megny\u00edtott oldalakr\u00f3l, a felhaszn\u00e1l\u00f3 \u00e1ltal kapott hiba\u00fczenetekr\u0151l bizonyos oldalakon). Ez seg\u00edt weboldalunk m\u0171k\u00f6d\u00e9s\u00e9nek jav\u00edt\u00e1s\u00e1ban, el\u0151seg\u00edtve p\u00e9ld\u00e1ul a keresett inform\u00e1ci\u00f3 k\u00f6nny\u0171szer\u0171 el\u00e9r\u00e9s\u00e9t. Ezek a cookie f\u00e1jlok maximum 2 \u00e9v ut\u00e1n elavulnak. A harmadik felekt\u0151l sz\u00e1rmaz\u00f3 cookie f\u00e1jlok elavul\u00e1si peri\u00f3dusa v\u00e1ltozhat \u00e9s bizonyos esetekben meghaladhatja a 2 \u00e9vet. Err\u0151l a cookie f\u00e1jl kateg\u00f3ri\u00e1r\u00f3l tov\u00e1bbi r\u00e9szletet az al\u00e1bbiakban tal\u00e1lhat\u00f3 4. szakaszban \u00e9rhet el.<\/li>\n<li>A marketing-el \u00e9s a c\u00e9lk\u00f6z\u00f6ss\u00e9g azonos\u00edt\u00e1s\u00e1val kapcsolatos cookie f\u00e1jlok regisztr\u00e1lj\u00e1k l\u00e1togat\u00e1s\u00e1t honlapunkra, valamint a l\u00e1togatott oldalakat \u00e9s linkeket. Ezt az inform\u00e1ci\u00f3t arra haszn\u00e1ljuk hogy \u00d6nnek \u00e9s az \u00d6n \u00e9rdekeinek jobban megfelel\u0151 rekl\u00e1mokat ny\u00fajtsunk. Ugyanakkor, ezeket a rekl\u00e1m megtekint\u00e9s\u00e9nek s\u0171r\u0171s\u00e9g\u00e9nek korl\u00e1toz\u00e1s\u00e1ra, valamint a rekl\u00e1mkamp\u00e1nyok hat\u00e9konys\u00e1g\u00e1nak m\u00e9r\u00e9s\u00e9re is haszn\u00e1ljuk. Ugyszint\u00e9n, e c\u00e9lb\u00f3l, az inform\u00e1ci\u00f3t megoszthatjuk harmadik felekkel (p\u00e9ld\u00e1ul rekl\u00e1m\u00fcgyn\u00f6ks\u00e9gekkel). Ezek a cookie f\u00e1jlok maximum 2 \u00e9v ut\u00e1n elavulnak. A harmadik felekt\u0151l sz\u00e1rmaz\u00f3 cookie f\u00e1jlok elavul\u00e1si peri\u00f3dusa v\u00e1ltozhat \u00e9s bizonyos esetekben meghaladhatja a 2 \u00e9vet. Err\u0151l a cookie f\u00e1jl kateg\u00f3ri\u00e1r\u00f3l tov\u00e1bbi r\u00e9szletet az al\u00e1bbiakban tal\u00e1lhat\u00f3 5. szakaszban \u00e9rhet el.<\/li>\n<li>A k\u00f6z\u00f6ss\u00e9gi h\u00e1l\u00f3zatokkal kapcsolatos cookie f\u00e1jlok lehet\u0151v\u00e9 teszik tev\u00e9kenys\u00e9g\u00e9nek megoszt\u00e1s\u00e1t a k\u00f6z\u00f6ss\u00e9gi h\u00e1l\u00f3zatokon, mint p\u00e9ld\u00e1ul a Facebook-on \u00e9s a Twitter-en. Ezeket a cookie f\u00e1jlokat nem \u00e1ll m\u00f3dunkban ellen\u0151rizni. Err\u0151l a cookie f\u00e1jl kateg\u00f3ri\u00e1r\u00f3l tov\u00e1bbi r\u00e9szletet az al\u00e1bbiakban tal\u00e1lhat\u00f3 6. szakaszban \u00e9rhet el.<\/li>\n<li>Ut\u00f3lagosan haszn\u00e1lhat\u00f3, m\u00e1s cookie f\u00e1jlok. Friss\u00edtett politik\u00e1nkon kereszt\u00fcl t\u00e1j\u00e9koztatjuk, amennyiben a j\u00f6v\u0151ben m\u00e1s t\u00edpus\u00fa cookie f\u00e1jlokat haszn\u00e1ln\u00e1nk.<\/li>\n<\/ul>\n<p>K\u00e9rj\u00fck vegye tudom\u00e1sul, hogy a SVT Electronics Kft. harmadik felek szolg\u00e1ltat\u00e1sait haszn\u00e1lja annak \u00e9rdek\u00e9ben, hogy honlapunknak az \u00d6n \u00e1ltal t\u00f6rt\u00e9n\u0151 haszn\u00e1lat\u00e1r\u00f3l inform\u00e1ci\u00f3t szerezzen, hogy ez \u00e1ltal felhaszn\u00e1l\u00f3i \u00e9lm\u00e9ny\u00e9t jav\u00edtsa \u00e9s az \u00d6n r\u00e9sz\u00e9re honlapjainkon k\u00edv\u00fcli rekl\u00e1mot ny\u00fajtson. Ezek a harmadik felek (bele\u00e9rtve a rekl\u00e1m\u00fcgyn\u00f6ks\u00e9geket \u00e9s k\u00fcls\u0151 szolg\u00e1ltat\u00f3kat, mint p\u00e9ld\u00e1ul a webes forgalomelemz\u00e9si szolg\u00e1ltat\u00e1sokat) szint\u00e9n haszn\u00e1lhatnak cookie f\u00e1jlokat, amelyek f\u00f6l\u00f6tt nem rendelkez\u00fcnk semmif\u00e9le fel\u00fcgyeleti lehet\u0151s\u00e9ggel.<\/p>\n<h4>4. Statisztikai \u00e9s webforgalom megfigyel\u00e9si c\u00e9lb\u00f3l haszn\u00e1lt cookie f\u00e1jlok<\/h4>\n<p><strong>A Google Analytics<\/strong><\/p>\n<p>Weboldalunk haszn\u00e1lja a Google Analytics-t, amely egy, a Google \u00e1ltal rendelkez\u00e9sre bocs\u00e1jtott, webelemz\u00e9st el\u0151seg\u00edt\u0151 szolg\u00e1ltat\u00e1s. A Google Analytics cookie f\u00e1jlokat haszn\u00e1l annak \u00e9rdek\u00e9ben, hogy egy adott weboldal r\u00e9sz\u00e9re az ennek haszn\u00e1lat\u00e1val kapcsolatos elemz\u00e9st el\u0151seg\u00edtse. A cookie f\u00e1jlok \u00e1ltal gener\u00e1lt inform\u00e1ci\u00f3t (bele\u00e9rtve az \u00d6n IP c\u00edm\u00e9t is) \u00e1tk\u00fcldj\u00fck a Google fel\u00e9, amely ezt az EU-ban, EGT-ben, illetve az Egyes\u00fclt \u00c1llamokban tal\u00e1lhat\u00f3 Google szervereken t\u00e1rolja. A Google ezt az inform\u00e1ci\u00f3t az \u00d6n webhaszn\u00e1lat\u00e1nak elemz\u00e9s\u00e9re haszn\u00e1lja, ennek \u00e9rdek\u00e9ben jelent\u00e9seket dolgoz ki a webaktivit\u00e1sr\u00f3l a web m\u00fck\u0151dtet\u0151i r\u00e9sz\u00e9re, valamint egy\u00e9b webaktiv\u00edt\u00e1ssal \u00e9s internethaszn\u00e1lattal kapcsolatos szolg\u00e1ltat\u00e1sokat is ny\u00fajt. Ugyanakkor, a Google \u00e1tk\u00fcldheti ezt az inform\u00e1ci\u00f3t harmadik feleknek, amennyiben e k\u00f6teless\u00e9g\u00e9t t\u00f6rv\u00e9ny \u00edrja el\u0151 vagy amennyiben a harmadik felek dolgozz\u00e1k fel ezt az inform\u00e1ci\u00f3t a Google nev\u00e9ben. A Google nem k\u00f6ti az \u00d6n IP c\u00edm\u00e9t a Google birtok\u00e1ban lev\u0151 egy\u00e9b adatokhoz.<\/p>\n<p>Lemondhat a Google Analytics szolg\u00e1ltat\u00e1s\u00e1r\u00f3l an\u00e9lk\u00fcl, hogy ez befoly\u00e1soln\u00e1 honlapunk l\u00e1togat\u00e1s\u00e1nak m\u00f3dj\u00e1t.<\/p>\n<p>A Google Analytics-szel \u00e9s a szem\u00e9lyes adatok v\u00e9delm\u00e9vel kapcsolatos r\u00e9szletes inform\u00e1ci\u00f3t (bele\u00e9rtve a Google fel\u00e9 tov\u00e1bb\u00edtott inform\u00e1ci\u00f3 ellen\u0151rz\u00e9s\u00e9t is) itt tal\u00e1lja:\u00a0<a href=\"https:\/\/policies.google.com\/privacy\/partners\">https:\/\/policies.google.com\/privacy\/partners<\/a>.<\/p>\n<p>Az adott t\u00edpus\u00fa cookie f\u00e1jl \u00e1ltal t\u00f6rt\u00e9n\u0151 nyomonk\u00f6vet\u00e9snek elker\u00fcl\u00e9se \u00e9rdek\u00e9ben b\u00f6ng\u00e9sz\u0151j\u00e9be add-in-t telep\u00edthet. (<a href=\"https:\/\/tools.google.com\/dlpage\/gaoptout\">https:\/\/tools.google.com\/dlpage\/gaoptout<\/a>).<\/p>\n<h4>5. K\u00f6zvetlen keresked\u00e9s c\u00e9lj\u00e1b\u00f3l alkalmazott cookie f\u00e1jlok<\/h4>\n<p><strong>Google Analytics<\/strong><\/p>\n<p>Annak \u00e9rdek\u00e9ben, hogy be\u00e1ll\u00edt\u00e1sai szerint szem\u00e9lyre szabott rekl\u00e1mban \u00e9s marketing tartalmakban r\u00e9szes\u00edthess\u00fck, honlapunk a DoubleClick for Publishers (DFP) technologi\u00e1t \u00e9s a Google \u00e1ltal rendelkez\u00e9sre bocs\u00e1jtott Google Ad Exchange-ot haszn\u00e1lja. A cookie f\u00e1jlok \u00e1ltal gener\u00e1lt inform\u00e1ci\u00f3t (bele\u00e9rtve az \u00d6n IP c\u00edm\u00e9t is) \u00e1tk\u00fcldj\u00fck a Google fel\u00e9, amely ezt az EU-ban, EGT-ben, illetve az Egyes\u00fclt \u00c1llamokban tal\u00e1lhat\u00f3 Google szervereken t\u00e1rolja. A Google ezt az inform\u00e1ci\u00f3t az \u00d6n webhaszn\u00e1lat\u00e1nak elemz\u00e9s\u00e9re haszn\u00e1lja, ennek \u00e9rdek\u00e9ben jelent\u00e9seket dolgoz ki a webaktivit\u00e1sr\u00f3l a web m\u00fck\u0151dtet\u0151i r\u00e9sz\u00e9re, valamint egy\u00e9b webaktiv\u00edt\u00e1ssal \u00e9s internethaszn\u00e1lattal kapcsolatos szolg\u00e1ltat\u00e1sokat is ny\u00fajt. Ugyanakkor, a Google \u00e1tk\u00fcldheti ezt az inform\u00e1ci\u00f3t harmadik feleknek, amennyiben e k\u00f6teless\u00e9g\u00e9t t\u00f6rv\u00e9ny \u00edrja el\u0151 vagy amennyiben a harmadik felek dolgozz\u00e1k fel ezt az inform\u00e1ci\u00f3t a Google nev\u00e9ben. A Google nem k\u00f6ti az \u00d6n IP c\u00edm\u00e9t a Google birtok\u00e1ban lev\u0151 egy\u00e9b adatokhoz.<\/p>\n<p>A Google Analytics-szel \u00e9s a szem\u00e9lyes adatok v\u00e9delm\u00e9vel kapcsolatos r\u00e9szletes inform\u00e1ci\u00f3t (bele\u00e9rtve a Google fel\u00e9 tov\u00e1bb\u00edtott inform\u00e1ci\u00f3 ellen\u0151rz\u00e9s\u00e9t is) itt tal\u00e1lja:\u00a0<a href=\"https:\/\/policies.google.com\/privacy\/partners\">https:\/\/policies.google.com\/privacy\/partners<\/a>.<\/p>\n<h4>6. A k\u00f6z\u00f6ss\u00e9gi oldalkra vonatkoz\u00f3 cookie f\u00e1jlok<\/h4>\n<p>Oldalunkon, az alkamaz\u00e1sokat rendelkez\u00e9sre bocs\u00e1jt\u00f3 harmadik felek cookie f\u00e1jlokat \u00e9p\u00edthetnek be az alkalmaz\u00e1sok hat\u00e9konys\u00e1g\u00e1nak figyel\u00e9se \u00e9rdek\u00e9ben, vagy az\u00e9rt, hogy ezeket jobban szem\u00e9lyre szabj\u00e1k. P\u00e9ld\u00e1ul, ha cikket oszt meg a k\u00f6z\u00f6ss\u00e9gi oldal megoszt\u00f3 gombj\u00e1val (pl. Facebook vagy Twitter) amely egy adott weboldalon tal\u00e1lhat\u00f3, a kapcsol\u00f3d\u00f3 k\u00f6z\u00f6ss\u00e9gi oldal plaformja regisztr\u00e1lja ezt. Bizonyos oldalakon l\u00e9tezhet be\u00e1gyazott (\u201eembedded\u201d) tartalom is, p\u00e9ld\u00e1ul harmadik f\u00e9l \u2013 ak\u00e1r a YouTube \u2013 birtok\u00e1ban tal\u00e1lhat\u00f3 vide\u00f3, \u00e9s ebben az esetben a harmadik f\u00e9l telep\u00edtheti saj\u00e1t cookie f\u00e1jljait.<\/p>\n<p>Az ilyen t\u00edpus\u00fa cookie f\u00e1jlok nem el\u00e9rhet\u0151ek a SVT Electronics Kft r\u00e9sz\u00e9re.<\/p>\n","protected":false},"excerpt":{"rendered":"<p>1. Mi a cookie f\u00e1jl \u00e9s milyen c\u00e9lb\u00f3l haszn\u00e1ljuk? Weboldalunk cookie f\u00e1jl technologi\u00e1t haszn\u00e1l, hogy jobb, szem\u00e9lyre szabottabb webszolg\u00e1ltat\u00e1st b\u00edztos\u00edtson az \u00d6n r\u00e9sz\u00e9re. Az oldalunk \u00e1ltal haszn\u00e1lt cookie f\u00e1jlokban t\u00e1rolt\u2026<\/p>\n","protected":false},"author":1,"featured_media":0,"parent":160,"menu_order":0,"comment_status":"closed","ping_status":"closed","template":"","meta":[],"acf":[],"yoast_head":"<!-- This site is optimized with the Yoast SEO plugin v19.6.1 - https:\/\/yoast.com\/wordpress\/plugins\/seo\/ -->\n<title>Cookie politika - TSense<\/title>\n<meta name=\"robots\" content=\"noindex, follow, max-snippet:-1, max-image-preview:large, max-video-preview:-1\" \/>\n<meta property=\"og:locale\" content=\"en_US\" \/>\n<meta property=\"og:type\" content=\"article\" \/>\n<meta property=\"og:title\" content=\"Cookie politika - TSense\" \/>\n<meta property=\"og:description\" content=\"1. Mi a cookie f\u00e1jl \u00e9s milyen c\u00e9lb\u00f3l haszn\u00e1ljuk? Weboldalunk cookie f\u00e1jl technologi\u00e1t haszn\u00e1l, hogy jobb, szem\u00e9lyre szabottabb webszolg\u00e1ltat\u00e1st b\u00edztos\u00edtson az \u00d6n r\u00e9sz\u00e9re. Az oldalunk \u00e1ltal haszn\u00e1lt cookie f\u00e1jlokban t\u00e1rolt\u2026\" \/>\n<meta property=\"og:url\" content=\"https:\/\/svt.ro\/t-sense\/hu\/cookie-politika\/\" \/>\n<meta property=\"og:site_name\" content=\"TSense\" \/>\n<meta property=\"article:modified_time\" content=\"2021-10-08T13:24:11+00:00\" \/>\n<meta name=\"twitter:card\" content=\"summary_large_image\" \/>\n<meta name=\"twitter:label1\" content=\"Est. reading time\" \/>\n\t<meta name=\"twitter:data1\" content=\"6 minutes\" \/>\n<script type=\"application\/ld+json\" class=\"yoast-schema-graph\">{\"@context\":\"https:\/\/schema.org\",\"@graph\":[{\"@type\":\"WebPage\",\"@id\":\"https:\/\/svt.ro\/t-sense\/hu\/cookie-politika\/\",\"url\":\"https:\/\/svt.ro\/t-sense\/hu\/cookie-politika\/\",\"name\":\"Cookie politika - TSense\",\"isPartOf\":{\"@id\":\"https:\/\/svt.ro\/t-sense\/#website\"},\"datePublished\":\"2021-10-07T10:56:39+00:00\",\"dateModified\":\"2021-10-08T13:24:11+00:00\",\"breadcrumb\":{\"@id\":\"https:\/\/svt.ro\/t-sense\/hu\/cookie-politika\/#breadcrumb\"},\"inLanguage\":\"en-US\",\"potentialAction\":[{\"@type\":\"ReadAction\",\"target\":[\"https:\/\/svt.ro\/t-sense\/hu\/cookie-politika\/\"]}]},{\"@type\":\"BreadcrumbList\",\"@id\":\"https:\/\/svt.ro\/t-sense\/hu\/cookie-politika\/#breadcrumb\",\"itemListElement\":[{\"@type\":\"ListItem\",\"position\":1,\"name\":\"Home\",\"item\":\"https:\/\/svt.ro\/t-sense\/\"},{\"@type\":\"ListItem\",\"position\":2,\"name\":\"F\u0151oldal\",\"item\":\"https:\/\/svt.ro\/t-sense\/hu\/\"},{\"@type\":\"ListItem\",\"position\":3,\"name\":\"Cookie politika\"}]},{\"@type\":\"WebSite\",\"@id\":\"https:\/\/svt.ro\/t-sense\/#website\",\"url\":\"https:\/\/svt.ro\/t-sense\/\",\"name\":\"TSense\",\"description\":\"\",\"potentialAction\":[{\"@type\":\"SearchAction\",\"target\":{\"@type\":\"EntryPoint\",\"urlTemplate\":\"https:\/\/svt.ro\/t-sense\/?s={search_term_string}\"},\"query-input\":\"required name=search_term_string\"}],\"inLanguage\":\"en-US\"}]}<\/script>\n<!-- \/ Yoast SEO plugin. -->","yoast_head_json":{"title":"Cookie politika - TSense","robots":{"index":"noindex","follow":"follow","max-snippet":"max-snippet:-1","max-image-preview":"max-image-preview:large","max-video-preview":"max-video-preview:-1"},"og_locale":"en_US","og_type":"article","og_title":"Cookie politika - TSense","og_description":"1. Mi a cookie f\u00e1jl \u00e9s milyen c\u00e9lb\u00f3l haszn\u00e1ljuk? Weboldalunk cookie f\u00e1jl technologi\u00e1t haszn\u00e1l, hogy jobb, szem\u00e9lyre szabottabb webszolg\u00e1ltat\u00e1st b\u00edztos\u00edtson az \u00d6n r\u00e9sz\u00e9re. Az oldalunk \u00e1ltal haszn\u00e1lt cookie f\u00e1jlokban t\u00e1rolt\u2026","og_url":"https:\/\/svt.ro\/t-sense\/hu\/cookie-politika\/","og_site_name":"TSense","article_modified_time":"2021-10-08T13:24:11+00:00","twitter_card":"summary_large_image","twitter_misc":{"Est. reading time":"6 minutes"},"schema":{"@context":"https:\/\/schema.org","@graph":[{"@type":"WebPage","@id":"https:\/\/svt.ro\/t-sense\/hu\/cookie-politika\/","url":"https:\/\/svt.ro\/t-sense\/hu\/cookie-politika\/","name":"Cookie politika - TSense","isPartOf":{"@id":"https:\/\/svt.ro\/t-sense\/#website"},"datePublished":"2021-10-07T10:56:39+00:00","dateModified":"2021-10-08T13:24:11+00:00","breadcrumb":{"@id":"https:\/\/svt.ro\/t-sense\/hu\/cookie-politika\/#breadcrumb"},"inLanguage":"en-US","potentialAction":[{"@type":"ReadAction","target":["https:\/\/svt.ro\/t-sense\/hu\/cookie-politika\/"]}]},{"@type":"BreadcrumbList","@id":"https:\/\/svt.ro\/t-sense\/hu\/cookie-politika\/#breadcrumb","itemListElement":[{"@type":"ListItem","position":1,"name":"Home","item":"https:\/\/svt.ro\/t-sense\/"},{"@type":"ListItem","position":2,"name":"F\u0151oldal","item":"https:\/\/svt.ro\/t-sense\/hu\/"},{"@type":"ListItem","position":3,"name":"Cookie politika"}]},{"@type":"WebSite","@id":"https:\/\/svt.ro\/t-sense\/#website","url":"https:\/\/svt.ro\/t-sense\/","name":"TSense","description":"","potentialAction":[{"@type":"SearchAction","target":{"@type":"EntryPoint","urlTemplate":"https:\/\/svt.ro\/t-sense\/?s={search_term_string}"},"query-input":"required name=search_term_string"}],"inLanguage":"en-US"}]}},"_links":{"self":[{"href":"https:\/\/svt.ro\/t-sense\/wp-json\/wp\/v2\/pages\/164"}],"collection":[{"href":"https:\/\/svt.ro\/t-sense\/wp-json\/wp\/v2\/pages"}],"about":[{"href":"https:\/\/svt.ro\/t-sense\/wp-json\/wp\/v2\/types\/page"}],"author":[{"embeddable":true,"href":"https:\/\/svt.ro\/t-sense\/wp-json\/wp\/v2\/users\/1"}],"replies":[{"embeddable":true,"href":"https:\/\/svt.ro\/t-sense\/wp-json\/wp\/v2\/comments?post=164"}],"version-history":[{"count":2,"href":"https:\/\/svt.ro\/t-sense\/wp-json\/wp\/v2\/pages\/164\/revisions"}],"predecessor-version":[{"id":263,"href":"https:\/\/svt.ro\/t-sense\/wp-json\/wp\/v2\/pages\/164\/revisions\/263"}],"up":[{"embeddable":true,"href":"https:\/\/svt.ro\/t-sense\/wp-json\/wp\/v2\/pages\/160"}],"wp:attachment":[{"href":"https:\/\/svt.ro\/t-sense\/wp-json\/wp\/v2\/media?parent=164"}],"curies":[{"name":"wp","href":"https:\/\/api.w.org\/{rel}","templated":true}]}}