{"id":144,"date":"2021-10-07T13:51:49","date_gmt":"2021-10-07T10:51:49","guid":{"rendered":"https:\/\/svt.ro\/t-sense\/?page_id=144"},"modified":"2021-10-08T16:09:39","modified_gmt":"2021-10-08T13:09:39","slug":"protectia-datelor-personale","status":"publish","type":"page","link":"https:\/\/svt.ro\/t-sense\/ro\/protectia-datelor-personale\/","title":{"rendered":"Protec\u021bia datelor personale"},"content":{"rendered":"<section class=\"blog-section single-post sp-two\">\n<div class=\"container\">\n<div class=\"row\">\n<div class=\"col-lg-12 col-md-12 col-sm-12 col-xs-12\">\n<section class=\"row-outer\">\n<div class=\"thm-unit-test\">\n<h2>Cine suntem?<\/h2>\n<p>Adresa site-ului nostru internet este: https:\/\/t-sense.io.<\/p>\n<h2>Ce fel de date personale colect\u0103m \u0219i de ce le colect\u0103m?<\/h2>\n<h3><strong>Comentarii<\/strong><\/h3>\n<p>C\u00e2nd vizitatorii las\u0103 comentarii pe site, colect\u0103m datele din formularul de comentarii, \u00eempreun\u0103 cu adresa IP a vizitatorului \u0219i cu string-ul agentului utilizator de browser, pentru a facilita detectarea de spam.<\/p>\n<p>Un string anonimizat, creat din adresa dumneavoastr\u0103 de e-mail (numit si hash) poate fi furnizat serviciului Gravatar pentru a-i verifica folosirea. Politica de confiden\u021bialitate a serviciului Gravatar este disponibil\u0103 aici (informa\u021bie disponibil\u0103 \u00een limba englez\u0103): https:\/\/automattic.com\/privacy\/. Dup\u0103 aprobarea comentariului dumneavoastr\u0103, fotografia dumneavoastr\u0103 devine vizibil\u0103 publicului, \u00een contextul comentariului dumneavoastr\u0103.<\/p>\n<h3><strong>Media<\/strong><\/h3>\n<p>Dac\u0103 \u00eenc\u0103rca\u021bi imagini pe site, ar trebui s\u0103 evita\u021bi \u00eenc\u0103rcarea de imagini care includ date de localizare \u00eencorporate (EXIF GPS). Vizitatorii site-ului pot desc\u0103rca \u0219i extrage orice date de localizare din imaginile de pe site.<\/p>\n<h3><strong>Formulare de contact<\/strong><\/h3>\n<h3><strong>Cookie-uri<\/strong><\/h3>\n<p>Dac\u0103 l\u0103sa\u021bi un comentariu pe site-ul nostru, pute\u021bi opta pentru salvarea numelui dumneavoastr\u0103, a adresei dumneavoastr\u0103 de e-mail \u0219i a site-ului prin cookie-uri. Acestea sunt pentru confortul dumneavoastr\u0103, pentru a nu avea nevoie s\u0103 completa\u021bi detaliile dumneavoastr\u0103 din nou c\u00e2nd vre\u021bi s\u0103 l\u0103sa\u021bi un alt comentariu. Aceste cookie-uri se vor men\u021bine un an.<\/p>\n<p>Dac\u0103 vizita\u021bi site-ul nostru de autentificare, vom seta un cookie temporar pentru a determina dac\u0103 browser-ul dumneavoastr\u0103 accept\u0103 cookie-uri. Acest cookie nu con\u021bine date personale \u0219i este \u00eenl\u0103turat \u00een momentul \u00een care v\u0103 \u00eenchide\u021bi browser-ul.<\/p>\n<p>C\u00e2nd v\u0103 autentifica\u021bi, vom seta, de asemenea, c\u00e2teva cookie-uri pentru a salva datele de autentificare \u0219i op\u021biunile dumneavoastr\u0103 pentru ecranul de afi\u0219are. Cookie-urile legate de autentificare se men\u021bin dou\u0103 zile, iar cele privind op\u021biunile pentru ecranul de afi\u0219are se men\u021bin un an. Dac\u0103 selecta\u021bi \u201c\u021aine-m\u0103 minte\u201d, numele de utilizator v\u0103 va fi re\u021binut timp de dou\u0103 s\u0103pt\u0103m\u00e2ni. Dac\u0103 ie\u0219i\u021bi din contul dumneavoastr\u0103, cookie-urile privind autentificarea se vor \u0219terge.<\/p>\n<p>Dac\u0103 edita\u021bi sau publica\u021bi un articol, un cookie adi\u021bional va fi salvat \u00een browser-ul dumneavoastr\u0103. Acesta nu include date cu caracter personal ci indic\u0103 doar ID-ul post\u0103rii pentru articolul tocmai editat. Expir\u0103 dup\u0103 1 zi.<\/p>\n<h3><strong>Con\u021binuturi \u00eencorporate de pe alte site-uri<\/strong><\/h3>\n<p>Articolele de pe acest site pot include con\u021binut \u00eencorporat (ex. video, imagini, articole etc.) Con\u021binutul integrat de pe alte site-uri comport\u0103 exact acelea\u0219i tr\u0103s\u0103turi ca \u0219i c\u00e2nd vizitatorul ar fi vizitat acel site.<\/p>\n<p>Aceste site-uri pot colecta date despre dunmeavoastr\u0103, utiliza cookie-uri, integra third-patry tracking adi\u021bional, \u0219i urm\u0103ri interac\u021biunea dumneavoastr\u0103 cu acest con\u021binut integrat, inclusiv trasarea interac\u021biunii dumneavoastr\u0103 cu acest con\u021binut integrat, \u00een cazul \u00een care ave\u021bi un cont \u0219i sunte\u021bi conectat la el pe acest site.<\/p>\n<h3><strong>Analitic\u0103<\/strong><\/h3>\n<h2>Cu cine v\u0103 \u00eemp\u0103rt\u0103\u0219im datele?<\/h2>\n<h2>C\u00e2t timp v\u0103 re\u021binem datele?<\/h2>\n<p>Dac\u0103 l\u0103sa\u021bi un comentariu, comentariul \u0219i metadatele acestuia sunt re\u021binute la infinit. Aceasta se \u00eent\u00e2mpl\u0103 pentru a v\u0103 recunoa\u0219te \u0219i aproba comentariile \u00een mod automatic, \u00een loc s\u0103 le \u021binem \u00een coada de moderare.<\/p>\n<p>Pentru utilizatorii care se \u00eenregistreaz\u0103 pe pagina noastr\u0103 (dac\u0103 exist\u0103), re\u021binem \u0219i informa\u021biile personale pe care le furnizeaz\u0103 prin profilul lor de utilizator. To\u021bi utilizatorii pot consulta, edita sau \u0219terge informa\u021biile lor personale la orice moment dat (cu excep\u021bia faptului, c\u0103 nu pot schimba numele lor de utilizator). Administratorii de site pot \u0219i ei consulta \u0219i edita aceast\u0103 informa\u021bie.<\/p>\n<h2>Care sunt drepturile dumneavoastr\u0103 asupra datelor dumneavoastr\u0103 personale?<\/h2>\n<p>Dac\u0103 ave\u021bi un cont de utilizator pe acest site sau a\u021bi l\u0103sat comentarii, pute\u021bi solicita un fi\u0219ier exportat cu datele personale pe care le de\u021binem despre dumneavoastr\u0103, inclusiv orice date pe care dumneavoastr\u0103 ni le-a\u021bi furnizat. De asemenea, pute\u021bi solicita \u0219tergerea tuturor datelor personale pe care le de\u021binem despre dumneavoastr\u0103. Aceasta nu include datele pe care suntem obliga\u021bi s\u0103 le re\u021binem din motive administrative, legale sau de securitate.<\/p>\n<h2>Unde trimitem datele dumneavoastr\u0103?<\/h2>\n<p>Comentariile vizitatorilor pot fi verificate printr-un sistem automat de detectare de spam.<\/p>\n<h2>Datele dumneavoastr\u0103 de contact<\/h2>\n<h2>Informa\u021bii suplimentare<\/h2>\n<h3><strong>Cum protej\u0103m datele dumneavoastr\u0103?\u00a0<\/strong><\/h3>\n<h3><strong>Care sunt procedurile noastre existente privind \u00eenc\u0103lcarea datelor?<\/strong><\/h3>\n<h3><strong>Care sunt ter\u021bii de la care primim date?<\/strong><\/h3>\n<h3><strong>Ce fel de decizii automatizate lu\u0103m \u0219i\/sau ce fel de profilare realiz\u0103m cu datele utilizatorilor?<\/strong><\/h3>\n<h3><strong>Cerin\u021be de confiden\u021bialitate reglement\u00e2nd ramura de industrie<\/strong><\/h3>\n<\/div>\n<\/section>\n<\/div>\n<\/div>\n<\/div>\n<\/section>\n","protected":false},"excerpt":{"rendered":"<p>Cine suntem? Adresa site-ului nostru internet este: https:\/\/t-sense.io. Ce fel de date personale colect\u0103m \u0219i de ce le colect\u0103m? Comentarii C\u00e2nd vizitatorii las\u0103 comentarii pe site, colect\u0103m datele din formularul\u2026<\/p>\n","protected":false},"author":1,"featured_media":0,"parent":2,"menu_order":0,"comment_status":"closed","ping_status":"closed","template":"","meta":[],"acf":[],"yoast_head":"<!-- This site is optimized with the Yoast SEO plugin v19.6.1 - https:\/\/yoast.com\/wordpress\/plugins\/seo\/ -->\n<title>Protec\u021bia datelor personale - TSense<\/title>\n<meta name=\"robots\" content=\"noindex, follow, max-snippet:-1, max-image-preview:large, max-video-preview:-1\" \/>\n<meta property=\"og:locale\" content=\"en_US\" \/>\n<meta property=\"og:type\" content=\"article\" \/>\n<meta property=\"og:title\" content=\"Protec\u021bia datelor personale - TSense\" \/>\n<meta property=\"og:description\" content=\"Cine suntem? Adresa site-ului nostru internet este: https:\/\/t-sense.io. Ce fel de date personale colect\u0103m \u0219i de ce le colect\u0103m? Comentarii C\u00e2nd vizitatorii las\u0103 comentarii pe site, colect\u0103m datele din formularul\u2026\" \/>\n<meta property=\"og:url\" content=\"https:\/\/svt.ro\/t-sense\/ro\/protectia-datelor-personale\/\" \/>\n<meta property=\"og:site_name\" content=\"TSense\" \/>\n<meta property=\"article:modified_time\" content=\"2021-10-08T13:09:39+00:00\" \/>\n<meta name=\"twitter:card\" content=\"summary_large_image\" \/>\n<meta name=\"twitter:label1\" content=\"Est. reading time\" \/>\n\t<meta name=\"twitter:data1\" content=\"3 minutes\" \/>\n<script type=\"application\/ld+json\" class=\"yoast-schema-graph\">{\"@context\":\"https:\/\/schema.org\",\"@graph\":[{\"@type\":\"WebPage\",\"@id\":\"https:\/\/svt.ro\/t-sense\/ro\/protectia-datelor-personale\/\",\"url\":\"https:\/\/svt.ro\/t-sense\/ro\/protectia-datelor-personale\/\",\"name\":\"Protec\u021bia datelor personale - TSense\",\"isPartOf\":{\"@id\":\"https:\/\/svt.ro\/t-sense\/#website\"},\"datePublished\":\"2021-10-07T10:51:49+00:00\",\"dateModified\":\"2021-10-08T13:09:39+00:00\",\"breadcrumb\":{\"@id\":\"https:\/\/svt.ro\/t-sense\/ro\/protectia-datelor-personale\/#breadcrumb\"},\"inLanguage\":\"en-US\",\"potentialAction\":[{\"@type\":\"ReadAction\",\"target\":[\"https:\/\/svt.ro\/t-sense\/ro\/protectia-datelor-personale\/\"]}]},{\"@type\":\"BreadcrumbList\",\"@id\":\"https:\/\/svt.ro\/t-sense\/ro\/protectia-datelor-personale\/#breadcrumb\",\"itemListElement\":[{\"@type\":\"ListItem\",\"position\":1,\"name\":\"Home\",\"item\":\"https:\/\/svt.ro\/t-sense\/\"},{\"@type\":\"ListItem\",\"position\":2,\"name\":\"Pagina de Start\",\"item\":\"https:\/\/svt.ro\/t-sense\/\"},{\"@type\":\"ListItem\",\"position\":3,\"name\":\"Protec\u021bia datelor personale\"}]},{\"@type\":\"WebSite\",\"@id\":\"https:\/\/svt.ro\/t-sense\/#website\",\"url\":\"https:\/\/svt.ro\/t-sense\/\",\"name\":\"TSense\",\"description\":\"\",\"potentialAction\":[{\"@type\":\"SearchAction\",\"target\":{\"@type\":\"EntryPoint\",\"urlTemplate\":\"https:\/\/svt.ro\/t-sense\/?s={search_term_string}\"},\"query-input\":\"required name=search_term_string\"}],\"inLanguage\":\"en-US\"}]}<\/script>\n<!-- \/ Yoast SEO plugin. -->","yoast_head_json":{"title":"Protec\u021bia datelor personale - TSense","robots":{"index":"noindex","follow":"follow","max-snippet":"max-snippet:-1","max-image-preview":"max-image-preview:large","max-video-preview":"max-video-preview:-1"},"og_locale":"en_US","og_type":"article","og_title":"Protec\u021bia datelor personale - TSense","og_description":"Cine suntem? Adresa site-ului nostru internet este: https:\/\/t-sense.io. Ce fel de date personale colect\u0103m \u0219i de ce le colect\u0103m? Comentarii C\u00e2nd vizitatorii las\u0103 comentarii pe site, colect\u0103m datele din formularul\u2026","og_url":"https:\/\/svt.ro\/t-sense\/ro\/protectia-datelor-personale\/","og_site_name":"TSense","article_modified_time":"2021-10-08T13:09:39+00:00","twitter_card":"summary_large_image","twitter_misc":{"Est. reading time":"3 minutes"},"schema":{"@context":"https:\/\/schema.org","@graph":[{"@type":"WebPage","@id":"https:\/\/svt.ro\/t-sense\/ro\/protectia-datelor-personale\/","url":"https:\/\/svt.ro\/t-sense\/ro\/protectia-datelor-personale\/","name":"Protec\u021bia datelor personale - TSense","isPartOf":{"@id":"https:\/\/svt.ro\/t-sense\/#website"},"datePublished":"2021-10-07T10:51:49+00:00","dateModified":"2021-10-08T13:09:39+00:00","breadcrumb":{"@id":"https:\/\/svt.ro\/t-sense\/ro\/protectia-datelor-personale\/#breadcrumb"},"inLanguage":"en-US","potentialAction":[{"@type":"ReadAction","target":["https:\/\/svt.ro\/t-sense\/ro\/protectia-datelor-personale\/"]}]},{"@type":"BreadcrumbList","@id":"https:\/\/svt.ro\/t-sense\/ro\/protectia-datelor-personale\/#breadcrumb","itemListElement":[{"@type":"ListItem","position":1,"name":"Home","item":"https:\/\/svt.ro\/t-sense\/"},{"@type":"ListItem","position":2,"name":"Pagina de Start","item":"https:\/\/svt.ro\/t-sense\/"},{"@type":"ListItem","position":3,"name":"Protec\u021bia datelor personale"}]},{"@type":"WebSite","@id":"https:\/\/svt.ro\/t-sense\/#website","url":"https:\/\/svt.ro\/t-sense\/","name":"TSense","description":"","potentialAction":[{"@type":"SearchAction","target":{"@type":"EntryPoint","urlTemplate":"https:\/\/svt.ro\/t-sense\/?s={search_term_string}"},"query-input":"required name=search_term_string"}],"inLanguage":"en-US"}]}},"_links":{"self":[{"href":"https:\/\/svt.ro\/t-sense\/wp-json\/wp\/v2\/pages\/144"}],"collection":[{"href":"https:\/\/svt.ro\/t-sense\/wp-json\/wp\/v2\/pages"}],"about":[{"href":"https:\/\/svt.ro\/t-sense\/wp-json\/wp\/v2\/types\/page"}],"author":[{"embeddable":true,"href":"https:\/\/svt.ro\/t-sense\/wp-json\/wp\/v2\/users\/1"}],"replies":[{"embeddable":true,"href":"https:\/\/svt.ro\/t-sense\/wp-json\/wp\/v2\/comments?post=144"}],"version-history":[{"count":2,"href":"https:\/\/svt.ro\/t-sense\/wp-json\/wp\/v2\/pages\/144\/revisions"}],"predecessor-version":[{"id":251,"href":"https:\/\/svt.ro\/t-sense\/wp-json\/wp\/v2\/pages\/144\/revisions\/251"}],"up":[{"embeddable":true,"href":"https:\/\/svt.ro\/t-sense\/wp-json\/wp\/v2\/pages\/2"}],"wp:attachment":[{"href":"https:\/\/svt.ro\/t-sense\/wp-json\/wp\/v2\/media?parent=144"}],"curies":[{"name":"wp","href":"https:\/\/api.w.org\/{rel}","templated":true}]}}