{"id":142,"date":"2021-10-07T13:51:39","date_gmt":"2021-10-07T10:51:39","guid":{"rendered":"https:\/\/svt.ro\/t-sense\/?page_id=142"},"modified":"2021-10-08T16:23:53","modified_gmt":"2021-10-08T13:23:53","slug":"politica-de-cookies","status":"publish","type":"page","link":"https:\/\/svt.ro\/t-sense\/ro\/politica-de-cookies\/","title":{"rendered":"Politica de cookies"},"content":{"rendered":"<h4>1. Ce este un fi\u015fier cookie \u015fi \u00een ce scop este folosit?<\/h4>\n<p>Site-ul nostru utilizeaz\u0103 tehnologia de tip cookie pentru a v\u0103 oferi un serviciu web mai bun \u0219i personalizat. Datele stocate de fi\u0219ierele de tip cookie utilizate pe Site-ul nostru nu arat\u0103 niciodat\u0103 detalii personale \u00een baza c\u0103rora s\u0103 poat\u0103 fi stabilit\u0103 o identitate individual\u0103.<\/p>\n<p>Un fi\u0219ier de tip cookie reprezint\u0103 un mic fi\u0219ier text care este stocat \u0219i\/sau citit de browserul dvs. web pe hard disk-ul dispozitivului dvs. final (de exemplu, computer, laptop sau smartphone) \u00een func\u021bie de site-urile web pe care le vizita\u021bi. De asemenea, fi\u0219ierele de tip cookie fac interac\u021biunea dvs. cu site-urile web mai sigur\u0103 \u0219i mai rapid\u0103, deoarece acestea \u00ee\u0219i pot aminti preferin\u021bele dvs. (de exemplu, autentificare, limb\u0103), trimi\u021b\u00e2nd informa\u021biile pe care le con\u021bin \u00eenapoi la site-ul web originar (first-party\u00a0cookie) sau c\u0103tre alt site web c\u0103ruia le apar\u021bin (third-party cookie), atunci c\u00e2nd vizita\u021bi din nou site-ul web respectiv utiliz\u00e2nd acela\u0219i dispozitiv final.<\/p>\n<h4>2. Cum pute\u021bi controla fi\u0219ierele de tip cookie<\/h4>\n<p>V\u0103 pute\u021bi retrage consim\u021b\u0103m\u00e2ntul privind fi\u0219ierele de tip cookie \u00een orice moment. \u00cen acest scop, pute\u021bi s\u0103 bloca\u021bi sau elimina\u021bi fi\u0219ierele cookie fie prin intermediul set\u0103rilor browserului dvs. web sau prin utilizarea unor software-uri puse la dispozi\u021bie de ter\u021bi, sau urm\u00e2nd instruc\u021biunile specifice pentru categoriile de cookie din sec\u0163iunile urm\u0103toare. \u00cen orice situa\u021bie, pot ap\u0103rea probleme legate de utilizarea anumitor p\u0103r\u021bi ale site-ului web dac\u0103 dezactiva\u021bi fi\u0219ierele de tip cookie.<\/p>\n<p>\u00cen cazul \u00een care dori\u021bi s\u0103 elimina\u021bi fi\u0219ierele de tip cookie stocate pe dispozitivele dvs. \u0219i s\u0103 configura\u021bi browserul dvs. web astfel \u00eenc\u00e2t s\u0103 refuze fi\u0219iere de tip cookie, pute\u021bi s\u0103 utiliza\u021bi set\u0103rile privind preferin\u021bele din browser-ul dvs. web. De\u00a0 obicei, pute\u021bi g\u0103si set\u0103rile de navigare referitoare la fi\u0219iere de tip cookie \u00een meniurile \u201eOp\u021biuni\u201d, \u201eInstrumente\u201d sau \u201ePreferin\u021be\u201d din browserul web pe\u00a0 care \u00eel utiliza\u021bi pentru a accesa Website-urile noastre. \u00cen func\u021bie de browserele web existente, pot fi utilizate mijloace diverse pentru a dezactiva fi\u0219ierele de tip cookie. Pentru a ob\u021bine mai multe informa\u021bii, v\u0103 rug\u0103m s\u0103 vizita\u021bi website-ul browserelor dvs.:<\/p>\n<ul>\n<li>Set\u0103ri cookie \u00een Internet Explorer \u2013\u00a0<strong>Internet Explorer<\/strong>;<\/li>\n<li>Set\u0103ri cookie \u00een Firefox \u2013\u00a0<strong>Firefox<\/strong>;<\/li>\n<li>Set\u0103ri cookie \u00een Chrome \u2013\u00a0<strong>Chrome<\/strong>;<\/li>\n<li>Set\u0103ri cookie \u00een Safari \u2013\u00a0<strong>Safari<\/strong>;<\/li>\n<li>Set\u0103ri cookie \u00een Edge \u2013\u00a0<strong>Edge<\/strong>;<\/li>\n<li>Set\u0103ri cookie \u00een Opera \u2013\u00a0<strong>Opera<\/strong>.<\/li>\n<\/ul>\n<p>Pentru a afla mai multe despre fi\u0219ierele de tip cookie, v\u0103 rug\u0103m s\u0103 vizita\u021bi\u00a0www.allaboutcookies.org\u00a0sau s\u0103 vede\u021bi\u00a0www.youronlinechoices.eu, care con\u021bine informa\u021bii suplimentare privind publicitatea comportamental\u0103 \u0219i via\u021ba privat\u0103 online.<\/p>\n<h4>3. Fi\u0219ierele de tip cookie\u00a0utilizate pe Site<\/h4>\n<p>\u00cen baza func\u021biei \u0219i scopului pentru care sunt utilizate fi\u0219ierele de tip cookie, acestea sunt, de obicei, clasificate \u00een urm\u0103toarele categorii, pe care SVT Electronics SRL le utilizeaz\u0103 pe Site-ul s\u0103u:<\/p>\n<ul>\n<li>Fi\u0219iere de tip cookie absolut necesare\u00a0v\u0103 permit s\u0103 naviga\u021bi pe Website \u0219i s\u0103 \u00eei utiliza\u021bi func\u021biile de baz\u0103. De obicei, acestea sunt instalate doar ca r\u0103spuns la ac\u021biunile efectuate de dvs. care echivaleaz\u0103 cu o cerere de servicii. Aceste fi\u0219iere de tip cookie sunt indispensabile pentru utilizarea Website-urilor.<\/li>\n<li><em>Fi\u0219iere de tip cookie privind func\u021bionalitatea<\/em>\u00a0sunt utilizate pentru a v\u0103 recunoa\u0219te atunci c\u00e2nd reveni\u021bi pe Website-ul nostru \u0219i ne permit s\u0103 v\u0103 oferim func\u021bii \u00eembun\u0103t\u0103\u021bite \u0219i mai personalizate, cum ar fi reamintirea preferin\u021belor dvs.\u00a0 Aceste fi\u0219iere de tip cookie colecteaz\u0103 informa\u021bii anonime \u0219i nu pot urm\u0103ri navig\u0103rile dvs. pe alte site-uri web. Perioada de expirare a acestor fi\u0219iere de tip cookie este de maximum 2 ani.<\/li>\n<li>Fi\u0219iere de tip cookie analitice \u0219i privind performan\u021ba\u00a0ne permit s\u0103 recunoa\u0219tem \u0219i s\u0103 num\u0103r\u0103m utilizatorii \u0219i s\u0103 colect\u0103m informa\u021bii despre modul \u00een care este utilizat Website-ul (de exemplu, paginile pe care un utilizator le deschide cel mai des \u0219i dac\u0103 utilizatorul prime\u0219te mesaje de eroare de la anumite pagini). Aceasta ne ajut\u0103 s\u0103 \u00eembun\u0103t\u0103\u021bim modul \u00een care func\u021bioneaz\u0103 Website-ul nostru, de exemplu, asigur\u00e2nd c\u0103 pute\u021bi g\u0103si u\u0219or ceea ce c\u0103uta\u021bi. Perioada de expirare a acestor fi\u0219iere de tip cookie este de maximum 2 ani.\u00a0\u00cen ceea ce prive\u0219te third-party cookies, perioada de expirare poate s\u0103 varieze \u015fi \u00een unele cazuri poate dep\u0103\u015fi 2 ani.\u00a0Pentru mai multe detalii cu privire la aceast\u0103 categorie de cookies, consulta\u0163i Sec\u0163iunea 4 de mai jos.<\/li>\n<li>Fi\u0219iere de tip cookie privind marketing \u0219i identificarea publicului \u021bint\u0103\u00a0\u00eenregistreaz\u0103 vizita dvs. pe Website-ul nostru, paginile pe care le-a\u021bi vizitat \u0219i link-urile pe care le-a\u021bi accesat. Vom utiliza aceste informa\u021bii pentru a oferi reclame mai relevante pentru dvs. \u0219i interesele dvs. De asemenea, acestea sunt utilizate pentru a limita frecven\u021ba cu care pute\u021bi vedea o reclam\u0103 \u0219i pentru a ajuta la m\u0103surarea eficien\u021bei campaniilor publicitare. De asemenea, putem \u00eemp\u0103rt\u0103\u0219i aceste informa\u021bii cu ter\u021be-p\u0103r\u021bi (cum ar fi agen\u021bii de publicitate) \u00een acest scop. Perioada de expirare a acestor fi\u0219iere de tip cookie este de maximum 2 ani.\u00a0\u00cen ceea ce prive\u0219te third-party cookies, perioada de expirare poate s\u0103 varieze \u015fi \u00een unele cazuri poate dep\u0103\u0219i 2 ani.\u00a0Pentru mai multe detalii cu privire la aceast\u0103 categorie de cookies, consulta\u0163i Sec\u0163iunea 5 de mai jos.<\/li>\n<li>Fi\u0219iere de tip cookie privind re\u021belele sociale\u00a0v\u0103 permit s\u0103 \u00eemp\u0103rt\u0103\u0219i\u021bi pe site-ul web activitatea dvs. pe re\u021bele sociale, cum ar fi Facebook \u0219i Twitter. Aceste fi\u0219iere de tip cookie nu sunt controlate de c\u0103tre noi. Pentru mai multe detalii cu privire la aceast\u0103 categorie de cookies, consulta\u0163i Sec\u0163iunea 6 de mai jos.<\/li>\n<li>Alte tipuri de fi\u0219iere de tip cookie\u00a0care pot fi utilizate ulterior. V\u0103 vom informa prin politicile noastre actualizate dac\u0103 sunt utilizate orice alte tipuri de cookies.<\/li>\n<\/ul>\n<p>V\u0103 rug\u0103m s\u0103 observa\u021bi c\u0103 SVT Electronics SRL utilizeaz\u0103 serviciile ter\u021belor-p\u0103r\u021bi pentru a ob\u021bine informa\u021bii cu privire la utilizarea de c\u0103tre dvs. a Website-urilor noastre pentru a optimiza experien\u021ba dvs. de utilizator \u0219i pentru a v\u0103 prezenta publicitate \u00een afara Website-urilor noastre. Aceste ter\u021be-p\u0103r\u021bi (inclusiv, de exemplu, agen\u021bii de publicitate \u0219i furnizorii de servicii externe, cum ar fi serviciile de analiz\u0103 a traficului web) pot, de asemenea, utiliza fi\u0219iere de tip cookie, asupra c\u0103rora nu exercit\u0103m niciun control.<\/p>\n<h4>4. Fi\u0219iere de tip cookie\u00a0utilizate \u00een scopuri statistice \u0219i pentru monitorizarea traficului web<\/h4>\n<p><strong>Google Analytics<\/strong><\/p>\n<p>Site-ul nostru utilizeaz\u0103 Google Analytics, un serviciu pentru analiza web, furnizat de Google. Google Analytics utilizeaz\u0103 fi\u0219iere de tip cookie pentru a ajuta un anumit Website s\u0103 analizeze modul \u00een care utiliza\u021bi respectivul Website. Informa\u021biile generate de fi\u0219ierele de tip cookie cu privire la utilizarea de c\u0103tre dvs. a Website-ului (inclusiv adresa dvs. IP)\u00a0 vor fi transmise \u0219i stocate de Google pe servere care pot fi localizate \u00een UE, SEE \u015fi\/sau Statele Unite. Google va utiliza aceste informa\u021bii \u00een scopul evalu\u0103rii utiliz\u0103rii de c\u0103tre dvs. a Website-ului, elabor\u00e2nd rapoarte cu privire la activitatea Website-ului pentru operatorii Website-ului \u0219i furniz\u00e2nd alte servicii referitoare la activitatea Website-ului \u0219i la utilizarea internetului. De asemenea, Google poate transfera aceste informa\u021bii c\u0103tre ter\u021bi \u00een cazul \u00een care are aceast\u0103 obliga\u021bie conform legii sau \u00een cazul \u00een care ace\u0219ti ter\u021bi prelucreaz\u0103 informa\u021biile \u00een numele Google. Google nu va asocia adresa dvs. IP cu alte date de\u021binute de Google.<\/p>\n<p>Pute\u021bi renun\u021ba la Google Analytics f\u0103r\u0103 a afecta modul \u00een care pute\u021bi vizita site-ul nostru web.<\/p>\n<p>Informa\u021bii detaliate cu privire la Google Analytics \u0219i protec\u021bia datelor cu caracter personal (inclusiv modul \u00een care pute\u021bi controla informa\u021biile trimise c\u0103tre Google) pot fi g\u0103site la:\u00a0<em><strong><a href=\"https:\/\/policies.google.com\/privacy\/partners\">https:\/\/policies.google.com\/privacy\/partners<\/a><\/strong><\/em>.<\/p>\n<p>Pentru a \u00eempiedica monitorizarea prin acest tip de cookie, pute\u021bi instala un add-in pe browserul dvs. web (<em><strong><a href=\"https:\/\/tools.google.com\/dlpage\/gaoptout\">https:\/\/tools.google.com\/dlpage\/gaoptout<\/a><\/strong><\/em>).<\/p>\n<h4>5. Fi\u0219iere de tip cookie\u00a0utilizate \u00een scopuri de comercializare direct\u0103<\/h4>\n<p><strong>Google Analytics<\/strong><\/p>\n<p>Pentru a primi anun\u021buri publicitare \u0219i con\u021binut de marketing, personalizate \u00een func\u021bie de preferin\u021bele dvs., Website-ul nostru utilizeaz\u0103 tehnologia DoubleClick for Publishers (DFP) \u015fi Google Ad Exchange, furnizate de Google. Informa\u021biile generate de fi\u0219ierele de tip cookie cu privire la utilizarea de c\u0103tre dvs. a Website-ului (inclusiv adresa dvs. IP)\u00a0 vor fi transmise \u0219i stocate de Google pe servere care pot fi localizate \u00een UE, SEE \u015fi\/sau Statele Unite. De asemenea, Google poate transfera aceste informa\u021bii c\u0103tre ter\u021bi \u00een cazul \u00een care are aceast\u0103 obliga\u0163ie conform legii sau \u00een cazul \u00een care ace\u0219ti ter\u021bi prelucreaz\u0103 informa\u021biile \u00een numele Google. Google nu va asocia adresa dvs. IP cu alte date de\u021binute de Google.<\/p>\n<p>Informa\u021bii detaliate cu privire la Google Analytics \u0219i protec\u021bia datelor cu caracter personal (inclusiv modul \u00een care pute\u021bi controla informa\u021biile trimise c\u0103tre Google) pot fi g\u0103site la:\u00a0<em><strong><a href=\"https:\/\/policies.google.com\/privacy\/partners\">https:\/\/policies.google.com\/privacy\/partners<\/a><\/strong><\/em>.<\/p>\n<h4>6. Fi\u0219iere de tip cookie privind re\u021belele sociale<\/h4>\n<p>Pe Site-ul nostru, ter\u0163e p\u0103r\u0163i care furnizeaz\u0103 aplica\u0163ii prin intermediul site-ului pot plasa propriile lor fi\u015fiere de tip cookie \u00een vederea monitoriz\u0103rii performan\u0163ei aplica\u0163iilor lor sau pentru a-\u015fi personaliza aceste aplica\u0163ii pentru dvs. De exemplu, atunci c\u00e2nd distribui\u0163i un articol utiliz\u00e2nd un buton de distribuire \u00een re\u0163elele de socializare (e.g., Facebook or Twitter) disponibil pe un Website, platforma re\u0163elei de socializare asociat\u0103 butonului respectiv va \u00eenregistra acest lucru. Pe unele Website-uri poate de asemenea s\u0103 existe con\u0163inut integrat (\u201eembedded\u201d), de exemplu con\u0163inut video al unor ter\u0163e p\u0103r\u0163i precum YouTube, \u015fi, \u00een acest caz, ace\u015fti ter\u0163i pot s\u0103-\u015fi plaseze la r\u00e2ndul lor propriile fi\u015fiere de tip cookie.<\/p>\n<p>Asemenea fi\u015fiere de tip cookie nu pot fi accesate de SVT Electronics SRL.<\/p>\n","protected":false},"excerpt":{"rendered":"<p>1. Ce este un fi\u015fier cookie \u015fi \u00een ce scop este folosit? Site-ul nostru utilizeaz\u0103 tehnologia de tip cookie pentru a v\u0103 oferi un serviciu web mai bun \u0219i personalizat.\u2026<\/p>\n","protected":false},"author":1,"featured_media":0,"parent":2,"menu_order":0,"comment_status":"closed","ping_status":"closed","template":"","meta":[],"acf":[],"yoast_head":"<!-- This site is optimized with the Yoast SEO plugin v19.6.1 - https:\/\/yoast.com\/wordpress\/plugins\/seo\/ -->\n<title>Politica de cookies - TSense<\/title>\n<meta name=\"robots\" content=\"noindex, follow, max-snippet:-1, max-image-preview:large, max-video-preview:-1\" \/>\n<meta property=\"og:locale\" content=\"en_US\" \/>\n<meta property=\"og:type\" content=\"article\" \/>\n<meta property=\"og:title\" content=\"Politica de cookies - TSense\" \/>\n<meta property=\"og:description\" content=\"1. Ce este un fi\u015fier cookie \u015fi \u00een ce scop este folosit? Site-ul nostru utilizeaz\u0103 tehnologia de tip cookie pentru a v\u0103 oferi un serviciu web mai bun \u0219i personalizat.\u2026\" \/>\n<meta property=\"og:url\" content=\"https:\/\/svt.ro\/t-sense\/ro\/politica-de-cookies\/\" \/>\n<meta property=\"og:site_name\" content=\"TSense\" \/>\n<meta property=\"article:modified_time\" content=\"2021-10-08T13:23:53+00:00\" \/>\n<meta name=\"twitter:card\" content=\"summary_large_image\" \/>\n<meta name=\"twitter:label1\" content=\"Est. reading time\" \/>\n\t<meta name=\"twitter:data1\" content=\"7 minutes\" \/>\n<script type=\"application\/ld+json\" class=\"yoast-schema-graph\">{\"@context\":\"https:\/\/schema.org\",\"@graph\":[{\"@type\":\"WebPage\",\"@id\":\"https:\/\/svt.ro\/t-sense\/ro\/politica-de-cookies\/\",\"url\":\"https:\/\/svt.ro\/t-sense\/ro\/politica-de-cookies\/\",\"name\":\"Politica de cookies - TSense\",\"isPartOf\":{\"@id\":\"https:\/\/svt.ro\/t-sense\/#website\"},\"datePublished\":\"2021-10-07T10:51:39+00:00\",\"dateModified\":\"2021-10-08T13:23:53+00:00\",\"breadcrumb\":{\"@id\":\"https:\/\/svt.ro\/t-sense\/ro\/politica-de-cookies\/#breadcrumb\"},\"inLanguage\":\"en-US\",\"potentialAction\":[{\"@type\":\"ReadAction\",\"target\":[\"https:\/\/svt.ro\/t-sense\/ro\/politica-de-cookies\/\"]}]},{\"@type\":\"BreadcrumbList\",\"@id\":\"https:\/\/svt.ro\/t-sense\/ro\/politica-de-cookies\/#breadcrumb\",\"itemListElement\":[{\"@type\":\"ListItem\",\"position\":1,\"name\":\"Home\",\"item\":\"https:\/\/svt.ro\/t-sense\/\"},{\"@type\":\"ListItem\",\"position\":2,\"name\":\"Pagina de Start\",\"item\":\"https:\/\/svt.ro\/t-sense\/\"},{\"@type\":\"ListItem\",\"position\":3,\"name\":\"Politica de cookies\"}]},{\"@type\":\"WebSite\",\"@id\":\"https:\/\/svt.ro\/t-sense\/#website\",\"url\":\"https:\/\/svt.ro\/t-sense\/\",\"name\":\"TSense\",\"description\":\"\",\"potentialAction\":[{\"@type\":\"SearchAction\",\"target\":{\"@type\":\"EntryPoint\",\"urlTemplate\":\"https:\/\/svt.ro\/t-sense\/?s={search_term_string}\"},\"query-input\":\"required name=search_term_string\"}],\"inLanguage\":\"en-US\"}]}<\/script>\n<!-- \/ Yoast SEO plugin. -->","yoast_head_json":{"title":"Politica de cookies - TSense","robots":{"index":"noindex","follow":"follow","max-snippet":"max-snippet:-1","max-image-preview":"max-image-preview:large","max-video-preview":"max-video-preview:-1"},"og_locale":"en_US","og_type":"article","og_title":"Politica de cookies - TSense","og_description":"1. Ce este un fi\u015fier cookie \u015fi \u00een ce scop este folosit? Site-ul nostru utilizeaz\u0103 tehnologia de tip cookie pentru a v\u0103 oferi un serviciu web mai bun \u0219i personalizat.\u2026","og_url":"https:\/\/svt.ro\/t-sense\/ro\/politica-de-cookies\/","og_site_name":"TSense","article_modified_time":"2021-10-08T13:23:53+00:00","twitter_card":"summary_large_image","twitter_misc":{"Est. reading time":"7 minutes"},"schema":{"@context":"https:\/\/schema.org","@graph":[{"@type":"WebPage","@id":"https:\/\/svt.ro\/t-sense\/ro\/politica-de-cookies\/","url":"https:\/\/svt.ro\/t-sense\/ro\/politica-de-cookies\/","name":"Politica de cookies - TSense","isPartOf":{"@id":"https:\/\/svt.ro\/t-sense\/#website"},"datePublished":"2021-10-07T10:51:39+00:00","dateModified":"2021-10-08T13:23:53+00:00","breadcrumb":{"@id":"https:\/\/svt.ro\/t-sense\/ro\/politica-de-cookies\/#breadcrumb"},"inLanguage":"en-US","potentialAction":[{"@type":"ReadAction","target":["https:\/\/svt.ro\/t-sense\/ro\/politica-de-cookies\/"]}]},{"@type":"BreadcrumbList","@id":"https:\/\/svt.ro\/t-sense\/ro\/politica-de-cookies\/#breadcrumb","itemListElement":[{"@type":"ListItem","position":1,"name":"Home","item":"https:\/\/svt.ro\/t-sense\/"},{"@type":"ListItem","position":2,"name":"Pagina de Start","item":"https:\/\/svt.ro\/t-sense\/"},{"@type":"ListItem","position":3,"name":"Politica de cookies"}]},{"@type":"WebSite","@id":"https:\/\/svt.ro\/t-sense\/#website","url":"https:\/\/svt.ro\/t-sense\/","name":"TSense","description":"","potentialAction":[{"@type":"SearchAction","target":{"@type":"EntryPoint","urlTemplate":"https:\/\/svt.ro\/t-sense\/?s={search_term_string}"},"query-input":"required name=search_term_string"}],"inLanguage":"en-US"}]}},"_links":{"self":[{"href":"https:\/\/svt.ro\/t-sense\/wp-json\/wp\/v2\/pages\/142"}],"collection":[{"href":"https:\/\/svt.ro\/t-sense\/wp-json\/wp\/v2\/pages"}],"about":[{"href":"https:\/\/svt.ro\/t-sense\/wp-json\/wp\/v2\/types\/page"}],"author":[{"embeddable":true,"href":"https:\/\/svt.ro\/t-sense\/wp-json\/wp\/v2\/users\/1"}],"replies":[{"embeddable":true,"href":"https:\/\/svt.ro\/t-sense\/wp-json\/wp\/v2\/comments?post=142"}],"version-history":[{"count":2,"href":"https:\/\/svt.ro\/t-sense\/wp-json\/wp\/v2\/pages\/142\/revisions"}],"predecessor-version":[{"id":262,"href":"https:\/\/svt.ro\/t-sense\/wp-json\/wp\/v2\/pages\/142\/revisions\/262"}],"up":[{"embeddable":true,"href":"https:\/\/svt.ro\/t-sense\/wp-json\/wp\/v2\/pages\/2"}],"wp:attachment":[{"href":"https:\/\/svt.ro\/t-sense\/wp-json\/wp\/v2\/media?parent=142"}],"curies":[{"name":"wp","href":"https:\/\/api.w.org\/{rel}","templated":true}]}}