{"id":155,"date":"2021-10-07T15:47:24","date_gmt":"2021-10-07T12:47:24","guid":{"rendered":"https:\/\/svt.ro\/svtlight\/?page_id=155"},"modified":"2021-10-13T08:40:57","modified_gmt":"2021-10-13T05:40:57","slug":"kapcsolat","status":"publish","type":"page","link":"https:\/\/svt.ro\/svtlight\/hu\/kapcsolat\/","title":{"rendered":"Kapcsolat"},"content":{"rendered":"<p>Lorem ipsum dolor sit amet, consectetur adipiscing elit. Nulla placerat accumsan vestibulum. Ut nec accumsan diam. Nunc libero purus, porta ut ornare eu, consequat quis diam. In hac habitasse platea dictumst.<\/p>\n<p>Podeni u. 13\/C sz.,<br \/>\nMarosv\u00e1s\u00e1rhely, Rom\u00e1nia<\/p>\n<p>E-mail:\u00a0<a title=\"E-mail\" href=\"mailto:sales@svtlight.ro\">sales@svtlight.ro<\/a><br \/>\nTel:\u00a0<a title=\"Telefonsz\u00e1m\" href=\"tel:0040752196055\">+40752196055<\/a><br \/>\nTel:\u00a0<a title=\"Telefonsz\u00e1m\" href=\"tel:0040365809305\">+40365809305<\/a><\/p>\n","protected":false},"excerpt":{"rendered":"<p>Lorem ipsum dolor sit amet, consectetur adipiscing elit. Nulla placerat accumsan vestibulum. Ut nec accumsan diam. Nunc libero purus, porta ut ornare eu, consequat quis diam. In hac habitasse platea\u2026<\/p>\n","protected":false},"author":1,"featured_media":0,"parent":112,"menu_order":0,"comment_status":"closed","ping_status":"closed","template":"page-contact.php","meta":[],"acf":[],"yoast_head":"<!-- This site is optimized with the Yoast SEO plugin v19.6.1 - https:\/\/yoast.com\/wordpress\/plugins\/seo\/ -->\n<title>Kapcsolat - SVT Light<\/title>\n<meta name=\"robots\" content=\"noindex, follow, max-snippet:-1, max-image-preview:large, max-video-preview:-1\" \/>\n<meta property=\"og:locale\" content=\"en_US\" \/>\n<meta property=\"og:type\" content=\"article\" \/>\n<meta property=\"og:title\" content=\"Kapcsolat - SVT Light\" \/>\n<meta property=\"og:description\" content=\"Lorem ipsum dolor sit amet, consectetur adipiscing elit. Nulla placerat accumsan vestibulum. Ut nec accumsan diam. Nunc libero purus, porta ut ornare eu, consequat quis diam. In hac habitasse platea\u2026\" \/>\n<meta property=\"og:url\" content=\"https:\/\/svt.ro\/svtlight\/hu\/kapcsolat\/\" \/>\n<meta property=\"og:site_name\" content=\"SVT Light\" \/>\n<meta property=\"article:modified_time\" content=\"2021-10-13T05:40:57+00:00\" \/>\n<meta name=\"twitter:card\" content=\"summary_large_image\" \/>\n<meta name=\"twitter:label1\" content=\"Est. reading time\" \/>\n\t<meta name=\"twitter:data1\" content=\"1 minute\" \/>\n<script type=\"application\/ld+json\" class=\"yoast-schema-graph\">{\"@context\":\"https:\/\/schema.org\",\"@graph\":[{\"@type\":\"WebPage\",\"@id\":\"https:\/\/svt.ro\/svtlight\/hu\/kapcsolat\/\",\"url\":\"https:\/\/svt.ro\/svtlight\/hu\/kapcsolat\/\",\"name\":\"Kapcsolat - SVT Light\",\"isPartOf\":{\"@id\":\"https:\/\/svt.ro\/svtlight\/#website\"},\"datePublished\":\"2021-10-07T12:47:24+00:00\",\"dateModified\":\"2021-10-13T05:40:57+00:00\",\"breadcrumb\":{\"@id\":\"https:\/\/svt.ro\/svtlight\/hu\/kapcsolat\/#breadcrumb\"},\"inLanguage\":\"en-US\",\"potentialAction\":[{\"@type\":\"ReadAction\",\"target\":[\"https:\/\/svt.ro\/svtlight\/hu\/kapcsolat\/\"]}]},{\"@type\":\"BreadcrumbList\",\"@id\":\"https:\/\/svt.ro\/svtlight\/hu\/kapcsolat\/#breadcrumb\",\"itemListElement\":[{\"@type\":\"ListItem\",\"position\":1,\"name\":\"Home\",\"item\":\"https:\/\/svt.ro\/svtlight\/\"},{\"@type\":\"ListItem\",\"position\":2,\"name\":\"F\u0151oldal\",\"item\":\"https:\/\/svt.ro\/svtlight\/hu\/\"},{\"@type\":\"ListItem\",\"position\":3,\"name\":\"Kapcsolat\"}]},{\"@type\":\"WebSite\",\"@id\":\"https:\/\/svt.ro\/svtlight\/#website\",\"url\":\"https:\/\/svt.ro\/svtlight\/\",\"name\":\"SVT Light\",\"description\":\"\",\"potentialAction\":[{\"@type\":\"SearchAction\",\"target\":{\"@type\":\"EntryPoint\",\"urlTemplate\":\"https:\/\/svt.ro\/svtlight\/?s={search_term_string}\"},\"query-input\":\"required name=search_term_string\"}],\"inLanguage\":\"en-US\"}]}<\/script>\n<!-- \/ Yoast SEO plugin. -->","yoast_head_json":{"title":"Kapcsolat - SVT Light","robots":{"index":"noindex","follow":"follow","max-snippet":"max-snippet:-1","max-image-preview":"max-image-preview:large","max-video-preview":"max-video-preview:-1"},"og_locale":"en_US","og_type":"article","og_title":"Kapcsolat - SVT Light","og_description":"Lorem ipsum dolor sit amet, consectetur adipiscing elit. Nulla placerat accumsan vestibulum. Ut nec accumsan diam. Nunc libero purus, porta ut ornare eu, consequat quis diam. In hac habitasse platea\u2026","og_url":"https:\/\/svt.ro\/svtlight\/hu\/kapcsolat\/","og_site_name":"SVT Light","article_modified_time":"2021-10-13T05:40:57+00:00","twitter_card":"summary_large_image","twitter_misc":{"Est. reading time":"1 minute"},"schema":{"@context":"https:\/\/schema.org","@graph":[{"@type":"WebPage","@id":"https:\/\/svt.ro\/svtlight\/hu\/kapcsolat\/","url":"https:\/\/svt.ro\/svtlight\/hu\/kapcsolat\/","name":"Kapcsolat - SVT Light","isPartOf":{"@id":"https:\/\/svt.ro\/svtlight\/#website"},"datePublished":"2021-10-07T12:47:24+00:00","dateModified":"2021-10-13T05:40:57+00:00","breadcrumb":{"@id":"https:\/\/svt.ro\/svtlight\/hu\/kapcsolat\/#breadcrumb"},"inLanguage":"en-US","potentialAction":[{"@type":"ReadAction","target":["https:\/\/svt.ro\/svtlight\/hu\/kapcsolat\/"]}]},{"@type":"BreadcrumbList","@id":"https:\/\/svt.ro\/svtlight\/hu\/kapcsolat\/#breadcrumb","itemListElement":[{"@type":"ListItem","position":1,"name":"Home","item":"https:\/\/svt.ro\/svtlight\/"},{"@type":"ListItem","position":2,"name":"F\u0151oldal","item":"https:\/\/svt.ro\/svtlight\/hu\/"},{"@type":"ListItem","position":3,"name":"Kapcsolat"}]},{"@type":"WebSite","@id":"https:\/\/svt.ro\/svtlight\/#website","url":"https:\/\/svt.ro\/svtlight\/","name":"SVT Light","description":"","potentialAction":[{"@type":"SearchAction","target":{"@type":"EntryPoint","urlTemplate":"https:\/\/svt.ro\/svtlight\/?s={search_term_string}"},"query-input":"required name=search_term_string"}],"inLanguage":"en-US"}]}},"_links":{"self":[{"href":"https:\/\/svt.ro\/svtlight\/wp-json\/wp\/v2\/pages\/155"}],"collection":[{"href":"https:\/\/svt.ro\/svtlight\/wp-json\/wp\/v2\/pages"}],"about":[{"href":"https:\/\/svt.ro\/svtlight\/wp-json\/wp\/v2\/types\/page"}],"author":[{"embeddable":true,"href":"https:\/\/svt.ro\/svtlight\/wp-json\/wp\/v2\/users\/1"}],"replies":[{"embeddable":true,"href":"https:\/\/svt.ro\/svtlight\/wp-json\/wp\/v2\/comments?post=155"}],"version-history":[{"count":4,"href":"https:\/\/svt.ro\/svtlight\/wp-json\/wp\/v2\/pages\/155\/revisions"}],"predecessor-version":[{"id":220,"href":"https:\/\/svt.ro\/svtlight\/wp-json\/wp\/v2\/pages\/155\/revisions\/220"}],"up":[{"embeddable":true,"href":"https:\/\/svt.ro\/svtlight\/wp-json\/wp\/v2\/pages\/112"}],"wp:attachment":[{"href":"https:\/\/svt.ro\/svtlight\/wp-json\/wp\/v2\/media?parent=155"}],"curies":[{"name":"wp","href":"https:\/\/api.w.org\/{rel}","templated":true}]}}