{"id":122,"date":"2021-10-07T15:42:42","date_gmt":"2021-10-07T12:42:42","guid":{"rendered":"https:\/\/svt.ro\/svtlight\/?page_id=122"},"modified":"2021-10-13T08:36:07","modified_gmt":"2021-10-13T05:36:07","slug":"protectia-datelor-personale","status":"publish","type":"page","link":"https:\/\/svt.ro\/svtlight\/ro\/protectia-datelor-personale\/","title":{"rendered":"Protec\u021bia datelor personale"},"content":{"rendered":"<div class=\"man_page\">\n<div class=\"elementor elementor-1972\" data-elementor-type=\"wp-page\" data-elementor-id=\"1972\" data-elementor-settings=\"[]\">\n<div class=\"elementor-inner\">\n<div class=\"elementor-section-wrap\">\n<section class=\"elementor-section elementor-top-section elementor-element elementor-element-bdd3d40 elementor-section-boxed elementor-section-height-default elementor-section-height-default\" data-id=\"bdd3d40\" data-element_type=\"section\">\n<div class=\"elementor-container elementor-column-gap-default\">\n<div class=\"elementor-row\">\n<div class=\"elementor-column elementor-col-100 elementor-top-column elementor-element elementor-element-832dad8\" data-id=\"832dad8\" data-element_type=\"column\">\n<div class=\"elementor-column-wrap elementor-element-populated\">\n<div class=\"elementor-widget-wrap\">\n<div class=\"elementor-element elementor-element-6494bab elementor-widget elementor-widget-text-editor\" data-id=\"6494bab\" data-element_type=\"widget\" data-widget_type=\"text-editor.default\">\n<div class=\"elementor-widget-container\">\n<div class=\"elementor-text-editor elementor-clearfix\">\n<p><strong>Protec\u021bia datelor dumneavoastr\u0103 cu caracter personal este important\u0103 pentru noi, prin urmare acord\u0103m o aten\u021bie deosebit\u0103 protej\u0103rii datelor personale ale tuturor celora cu care derul\u0103m opera\u021biuni comerciale, precum \u0219i a vie\u021bii private a vizitatorilor care acceseaz\u0103 site-ul nostru, \u00een conformitate cu Regulamentul (UE) 2016\/679 al Parlamentului European \u0219i al Consiliului, din data de 27 aprilie 2016 \u00een ceea ce prive\u0219te prelucrarea datelor cu caracter personal \u0219i libera circula\u021bie a acestor date (\u201cGDPR\u201d).<\/strong><\/p>\n<p>Pentru a \u00een\u021belege modul \u00een care sunt tratate datele dvs. personale, v\u0103 rug\u0103m s\u0103 citi\u021bi cu aten\u021bie noua noastr\u0103 Politic\u0103 de securitate cu privire la protec\u021bia \u0219i prelucrarea datelor cu caracter personal. Prezenta Politic\u0103 reprezint\u0103 modul \u00een care compania noastr\u0103 \u00een\u021belege \u0219i respect\u0103 principiile de protec\u021bie a datelor personale, precum \u0219i drepturile de care beneficia\u021bi cu privire la modul \u00een care informa\u021biile dumneavoastr\u0103 sunt utilizate \u00een cadrul proceselor noastre de afaceri.<\/p>\n<p>Prelucrarea datelor cu caracter personal efectuat\u0103 de SVT Electronics SRL se va realiza \u00eentotdeauna \u00een conformitate cu prevederile Regulamentului EU 679\/2016. Prin prezenta Politic\u0103 de protec\u021bie a prelucr\u0103rii datelor cu caracter personal dorim s\u0103 inform\u0103m to\u021bi clien\u021bii, partenerii \u0219i furnizorii no\u0219tri cu privire la natura datelor cu caracter personal pe care le colect\u0103m \u0219i le proces\u0103m, cu privire la scopurile acestei prelucr\u0103ri \u0219i drepturile de care beneficia\u021bi.<\/p>\n<p><strong>DREPTURI DE PROPRIETATE INTELECTUAL\u0102<\/strong><\/p>\n<p>SVT Electronics SRL este proprietarul exclusiv al tuturor drepturilor de proprietate intelectual\u0103 referitoare la con\u021binutului acestui site, inclusiv, f\u0103r\u0103 a se limita la, articole, text, fotografii, ilustra\u021bii, muzic\u0103, clipuri audio \u0219i video, m\u0103rci comerciale, embleme \u0219i modele.<\/p>\n<p>Nicio sec\u021biune din con\u021binutul de proprietate intelectual\u0103 al acestui site nu poate fi reprodus\u0103, distribuit\u0103 sau publicat\u0103 sub nici o form\u0103 sau prin niciun mijloc, f\u0103r\u0103 acordul prealabil scris al SVT Electronics SRL . Prin urmare, vizitatorii site-ului trebuie s\u0103 \u00een\u021beleag\u0103 \u0219i s\u0103 consimt\u0103 s\u0103 nu modifice, s\u0103 v\u00e2nd\u0103, s\u0103 distribuie sau s\u0103 creeze lucr\u0103ri\/opere\/ derivate, pe baza imaginilor \u0219i a informa\u021biilor publicate pe acest site.<\/p>\n<p><strong>OPERATOR DE DATE CU CARACTER PERSONAL<\/strong><\/p>\n<p>Operatorul de date cu caracter personal este compania\u00a0<strong>SVT Electronics SRL<\/strong>, cu sediul \u00een T\u00e2rgu Mure\u0219, str. Remetea, nr. 110\/bis, jud. Mure\u0219, Punct de Lucru situat \u00een T\u00e2rgu Mure\u0219, str. Br\u0103ila, nr. 7, jud. Mure\u0219, \u00eenregistrat\u0103 la Oficiul Registrului Comer\u021bului de pe l\u00e2ng\u0103 Tribunalul Mure\u0219 sub J26\/1053\/2006, av\u00e2nd Cod Unic de \u00cenregistrare RO18813138.<\/p>\n<p><strong>RESPONSABILUL CU PROTEC\u021aIA DATELOR<\/strong><\/p>\n<p>Vizitatorii site-ului au posibilitatea de a comunica \u00een orice moment cu Responsabilul pentru protec\u021bia datelor personale \u00een mod direct, pentru orice subiect legat de prezenta Politic\u0103, utiliz\u00e2nd date de contact de mai jos:<\/p>\n<p>Responsabil cu protec\u021bia datelor personale:\u00a0SVT Electronics SRL.<\/p>\n<p>Adres\u0103 de coresponden\u021b\u0103:\u00a0T\u00e2rgu Mure\u0219, str. Br\u0103ila, nr. 7, jud. Mure\u0219.<\/p>\n<p>Email:\u00a0<a href=\"mailto:dpo@svt.ro\">\u00a0<\/a><strong><a href=\"mailto:dpo@svt.ro\">dpo@svt.ro<\/a><\/strong><\/p>\n<p><strong>PRINCIPII PRIVIND PRELUCRAREA DATELOR<\/strong><\/p>\n<p>Prin prezenta Politic\u0103 ne oblig\u0103m s\u0103 respect\u0103m principiile de protec\u021bie a datelor cu caracter personal (Principiile) prev\u0103zute de Articolul 5 din GDPR, Art. 5 \u0219i v\u0103 putem asigura c\u0103 toate datele dvs, personale sunt:<\/p>\n<ul>\n<li>Prelucrate \u00een mod corect, legal \u0219i transparent;<\/li>\n<li>Colectate \u00een scopuri specificate, explicite \u0219i legitime;<\/li>\n<li>Adecvate, relevante \u0219i limitate \u00een raport cu scopurile pentru care sunt prelucrate;<\/li>\n<li>Corecte \u0219i actualizate;<\/li>\n<li>P\u0103strate \u00eentr-o form\u0103 care nu permite identificarea persoanelor vizate mai mult timp dec\u00e2t este necesar \u00een raport de scopul prelucr\u0103rii;<\/li>\n<li>Procesate \u00een conformitate cu drepturile persoanei vizate, \u00eentr-un mod care s\u0103 asigure o securitate adecvat\u0103 a prelucr\u0103rii, astfel \u00eenc\u00e2t datele s\u0103 fie integre, confiden\u021biale \u0219i disponibile.<\/li>\n<\/ul>\n<p><strong>SCOPURILE PRELUCR\u0102RII DATELOR CU CARACTER PERSONAL<\/strong><\/p>\n<p><strong>Procesarea datelor de contact<\/strong><\/p>\n<p>SVT Electronics SRL va folosi informa\u021biile personale de contact pe care le furniza\u021bi prin intermediul acestui site \u0219i a adreselor de contact men\u021bionate, exclusiv cu scopul de procesa solicitarea dumneavoastr\u0103 \u00een scop comercial.<\/p>\n<p>Prin furnizarea oric\u0103ror date cu caracter personal prin intermediul formularelor de contact de pe site-ul nostru, v\u0103 da\u021bi acordul implicit ca datele dumneavoastr\u0103 s\u0103 fie prelucrate \u00een mod exclusiv pentru scopul pentru care ne-a\u021bi contactat, \u00een conformitate cu prevederile prezentei Politici de protec\u021bie a prelucr\u0103rii datelor personale.<\/p>\n<p>Pentru asigurarea celor mai depline condi\u021bii de Securitate a datelor dvs. personale, SVT Electronics SRL a adoptat \u0219i men\u021bine \u00eentregul set de m\u0103suri tehnice \u0219i organizatorice adecvate pentru prelucrarea \u0219i stocarea datelor dumneavoastr\u0103 personale, \u00een conformitate cu prevederile Regulamentului general.<\/p>\n<p>Datele dumneavoastr\u0103 cu caracter personal pot fi transmise c\u0103tre alte entit\u0103\u021bi ter\u021be cu care SVT Electronics SRL colaboreaz\u0103 \u00een mod permanent, doar \u00een scopul bunei derul\u0103ri a activit\u0103\u021bilor comerciale asociate specificului companiei noastre \u0219i intereselor noastre legitime legate de aceste activit\u0103\u021bi, cu excep\u021bia situa\u021biilor \u00een care poate ap\u0103rea o obliga\u021bie legal\u0103 pentru SVT Electronics SRL de a partaja datele cu alte institu\u021bii sau autorit\u0103\u021bi.<\/p>\n<p>SVT Electronics SRL se oblig\u0103 s\u0103 nu prelucreze datele cu caracter personal furnizate prin intermediul rela\u021biilor noastre comerciale \u00een alt scop dec\u00e2t acela pentru care au fost transmise, cu excep\u021bia situa\u021biilor \u00een care exist\u0103 consim\u021b\u0103m\u00e2ntul dumneavoastr\u0103 clar expres \u0219i prealabil pentru a le utiliza \u0219i \u00een alte scopuri asociate activit\u0103\u021bilor comerciale.<\/p>\n<p>Pute\u021bi solicita \u0219tergerea datelor dumneavoastr\u0103 personale de contact printr-o solicitare scris\u0103 adresat\u0103 Responsabilului cu protec\u021bia datelor la adresa:\u00a0<a href=\"mailto:dpo@svt.ro\">\u00a0<\/a><strong><a href=\"mailto:dpo@svt.ro\">dpo@svt.ro<\/a><\/strong><\/p>\n<p><strong>POLITICA DE RETEN\u021aIE A DATELOR<\/strong><\/p>\n<p>SVT Electronics SRL poate p\u0103stra datele personale de contact prelucrate pentru diferite perioade de timp, apreciate ca fiind rezonabile, \u00een conformitate cu scopurile noastre comerciale. Datele pe care le furniza\u021bi prin formularul de contact de pe site-ul nostru sunt p\u0103strate p\u00e2n\u0103 la momentul dezabon\u0103rii voluntare\u00a0sau printr-o solicitare \u00een scris pe adresa:\u00a0<a href=\"mailto:dpo@svt.ro\">\u00a0<\/a><a href=\"mailto:dpo@svt.ro\">dpo@svt.ro<\/a><\/p>\n<p>Executarea unor obliga\u021bii legale guvernate de legile fiscale \u0219i comerciale pot necesita, re\u021binerea anumitor date cu caracter personal pe care ni le-a\u021bi furnizat.<\/p>\n<p><strong>DREPTURILE PERSOANELOR VIZATE<\/strong><\/p>\n<p>To\u021bi clien\u021bii, furnizorii \u0219i partenerii ale c\u0103ror date personale de contact le de\u021binem \u00een calitate de persoane vizate au urm\u0103toarele drepturi \u00een conformitate cu Articolele 15 \u2013 22 din GDPR:<\/p>\n<p><strong>\u2013 Dreptul la informare<\/strong>\u00a0\u2013 operatorul este obligat s\u0103 \u00eencuno\u0219tin\u021beze persoana vizat\u0103 cu privire la prelucrarea datelor sale cu caracter personal;<\/p>\n<p><strong>\u2013 Dreptul de acces la date<\/strong>\u00a0\u2013 orice persoan\u0103 vizat\u0103 are dreptul de a ob\u021bine de la operator, la cerere (\u00een mod gratuit, pentru o solicitare pe an), confirmarea faptului c\u0103 datele sale personale sunt sau nu sunt prelucrate de c\u0103tre acesta;<\/p>\n<p><strong>\u2013 Dreptul de interven\u021bie asupra datelor<\/strong>\u00a0\u2013 orice persoan\u0103 vizat\u0103 are dreptul de a ob\u021bine de la operator, \u00een mod gratuit, rectificarea, actualizarea, blocarea sau \u0219tergerea datelor a c\u0103ror prelucrare nu este conform\u0103 legii, \u00een special a datelor incomplete sau inexacte;<\/p>\n<p><strong>\u2013 Dreptul de opozi\u021bie<\/strong>\u00a0\u2013 persoana vizat\u0103 are dreptul de a se opune \u00een orice moment, printr-o cerere \u00eentocmit\u0103 \u00een form\u0103 scris\u0103, datat\u0103 \u015fi semnat\u0103, din motive \u00eentemeiate \u015fi legitime legate de situa\u0163ia sa particular\u0103, ca datele care o vizeaz\u0103 s\u0103 fac\u0103 obiectul unei prelucr\u0103ri.<\/p>\n<p><strong>\u2013 Dreptul de a nu fi supus unei decizii individuale luate \u00een baza unei prelucr\u0103ri automate<\/strong>\u00a0\u2013 retragerea sau anularea oric\u0103rei decizii care produce efecte juridice \u00een privin\u0163a sa, adoptat\u0103 exclusiv pe baza unei prelucr\u0103ri de date cu caracter personal, efectuat\u0103 prin mijloace automate.<\/p>\n<p><strong>\u2013 Dreptul de a se adresa justi\u0163iei<\/strong>\u00a0\u2013 orice persoan\u0103 care a suferit un prejudiciu \u00een urma unei prelucr\u0103ri de date cu caracter personal, efectuate ilegal, se poate adresa instan\u0163ei competente pentru repararea acestuia.<\/p>\n<p><strong>\u2013 Dreptul de a nu fi supus unei decizii individuale<\/strong>\u00a0\u2013 dreptul de a cere \u015fi de a ob\u0163ine retragerea, anularea sau reevaluarea oric\u0103rei decizii care produce efecte juridice \u00een privin\u0163a persoanei vizate, adoptat\u0103 exclusiv pe baza unei prelucr\u0103ri de date cu caracter personal, efectuat\u0103 prin mijloace automate, destinat\u0103 s\u0103 evalueze unele aspecte ale personalit\u0103\u0163ii sale, precum competen\u0163a profesional\u0103, credibilitatea, comportamentul ori alte asemenea aspect.<\/p>\n<p><strong>\u2013 Dreptul de a depune o pl\u00e2ngere la autoritatea de supraveghere competent\u0103.<\/strong><\/p>\n<p>Orice persoan\u0103 vizat\u0103 \u00eenregistrat\u0103 la SVT Electronics SRL poate solicita exercitarea acestor drepturi printr-un mesaj scris la adresa\u00a0<a href=\"mailto:dpo@svt.ro\">\u00a0<\/a><strong><a href=\"mailto:dpo@svt.ro\">dpo@svt.ro<\/a><\/strong>\u00a0\u00a0sau printr-o scrisoare expediat\u0103 pe adresa biroului nostru din\u00a0<strong>T\u00e2rgu Mure\u0219, str. Br\u0103ila, nr. 7, jud. Mure\u0219.<\/strong><\/p>\n<p><strong>INFORMA\u021aII DESPRE M\u0102SURILE DE SECURITATE A PRELUCR\u0102RII<\/strong><\/p>\n<p>SVT Electronics SRL a investit pentru adoptarea de m\u0103suri tehnice \u0219i organizatorice de prelucrare a datelor, actualizate \u00een conformitate cu cerin\u021bele GDPR, cu scopul de a proteja datele dumneavoastr\u0103 cu caracter personal \u00eempotriva oric\u0103ror ac\u021biuni de acces neautorizat, utilizare necorespunz\u0103toare sau divulgare, modificare neautorizat\u0103, distrugere sau pierdere accidental\u0103. To\u021bi angaja\u021bii \u0219i colaboratorii SVT Electronics SRL, precum \u0219i orice ter\u021be p\u0103r\u021bi care ac\u021bioneaz\u0103 \u00een numele \u0219i pe SVT Electronics SRL sunt obliga\u021bi s\u0103 respecte confiden\u021bialitatea informa\u021biilor dumneavoastr\u0103, \u00een conformitate cu prevederile prezentei Politici.<\/p>\n<p><strong>INFORMA\u021aII DESPRE TRANSFERUL INTERNA\u021aIONAL DE DATE<\/strong><\/p>\n<p>SVT Electronics SRL are o serie de rela\u021bii comerciale cu produc\u0103tori \u0219i furnizori interna\u021bionali. Singurele transferuri interna\u021bionale de date care se realizeaz\u0103 ace\u0219tia sunt strict de natur\u0103 comercial\u0103 \u0219i cu acordul p\u0103r\u021bilor \u0219i constau \u00een datele de contact ale persoanelor care semneaz\u0103 sau gireaz\u0103 anumite documente comerciale precum contracte, oferte de produse, facturi. \u00cen plus, transferurile de date de acest tip sunt punctuale, \u0219i implic\u0103 un num\u0103r redus de persoane. Din perspectiva GDPR, acest tip de rela\u021bii comerciale cu parteneri externi, din \u021b\u0103ri non UE sau f\u0103r\u0103 condi\u021bii de adecvare agreate de UE, poate fi \u00eencadrat la articolul 49 GDPR, aliniatul 1, paragrafele b) \u0219i c)., precum \u0219i \u00een Preambulul 111 GDPR.<\/p>\n<p><strong>DISCLAIMER SITE-URI PARTENERE<\/strong><\/p>\n<p>Site-ul de\u021binut de SVT Electronics SRL poate con\u021bine leg\u0103turi c\u0103tre alte site-uri \u0219i \/ sau alte pagini web cu proprietate intelectual\u0103 care nu este proprietatea SVT Electronics SRL. Nu ne asum\u0103m nicio responsabilitate cu privire la con\u021binutul acestor site-uri \u0219i, prin urmare, compania SVT Electronics SRL nu va putea fi considerat\u0103 r\u0103spunz\u0103toare pentru con\u021binutul, publicitatea, bunurile, serviciile, software-ul, informa\u021biile sau alte materiale disponibile pe sau prin intermediul acestor site-uri. SVT Electronics SRL nu va fi responsabil\u0103 de pierderea datelor cu caracter personal, de orice efecte negative asupra datelor personale ale vizitatorilor sau de alte daune morale \u0219i \/ sau patrimoniale cauzate de accesul la respectivele site-uri.<\/p>\n<p><strong>ACTUALIZAREA POLITICII DE PROTEC\u021aIE \u0218I PRELUCRARE A DATELOR CU CARACTER PERSONAL<\/strong><\/p>\n<p>Vizitatorii no\u0219tri sunt ruga\u021bi s\u0103 aib\u0103 \u00een vedere faptul c\u0103 prezenta Politic\u0103 poate face obiectul unor modific\u0103ri periodice de con\u021binut, la fel ca \u0219i actualizarea site-ului SVT Electronics SRL. Prin urmare, este necesar s\u0103 verifica\u021bi aceast\u0103 Politic\u0103 pentru orice actualizare.<\/p>\n<\/div>\n<\/div>\n<\/div>\n<\/div>\n<\/div>\n<\/div>\n<\/div>\n<\/div>\n<\/section>\n<\/div>\n<\/div>\n<\/div>\n<\/div>\n<footer id=\"colophon\" role=\"contentinfo\">\n<div class=\"footer-width-fixer\">\n<div class=\"elementor elementor-103\" data-elementor-type=\"wp-post\" data-elementor-id=\"103\" data-elementor-settings=\"[]\">\n<div class=\"elementor-inner\">\n<div class=\"elementor-section-wrap\">\n<section class=\"elementor-section elementor-top-section elementor-element elementor-element-689ddb8 elementor-hidden-phone elementor-section-boxed elementor-section-height-default elementor-section-height-default\" data-id=\"689ddb8\" data-element_type=\"section\" data-settings=\"{&quot;background_background&quot;:&quot;classic&quot;}\">\n<div class=\"elementor-container elementor-column-gap-default\">\n<div class=\"elementor-row\">\n<div class=\"elementor-column elementor-col-33 elementor-top-column elementor-element elementor-element-e359c76\" data-id=\"e359c76\" data-element_type=\"column\">\n<div class=\"elementor-column-wrap elementor-element-populated\">\n<div class=\"elementor-widget-wrap\">\n<div class=\"elementor-element elementor-element-c503e09 elementor-widget elementor-widget-sm-logo\" data-id=\"c503e09\" data-element_type=\"widget\" data-widget_type=\"sm-logo.default\"><\/div>\n<\/div>\n<\/div>\n<\/div>\n<\/div>\n<\/div>\n<\/section>\n<\/div>\n<\/div>\n<\/div>\n<\/div>\n<\/footer>\n","protected":false},"excerpt":{"rendered":"<p>Protec\u021bia datelor dumneavoastr\u0103 cu caracter personal este important\u0103 pentru noi, prin urmare acord\u0103m o aten\u021bie deosebit\u0103 protej\u0103rii datelor personale ale tuturor celora cu care derul\u0103m opera\u021biuni comerciale, precum \u0219i a\u2026<\/p>\n","protected":false},"author":1,"featured_media":0,"parent":2,"menu_order":0,"comment_status":"closed","ping_status":"closed","template":"","meta":[],"acf":[],"yoast_head":"<!-- This site is optimized with the Yoast SEO plugin v19.6.1 - https:\/\/yoast.com\/wordpress\/plugins\/seo\/ -->\n<title>Protec\u021bia datelor personale - SVT Light<\/title>\n<meta name=\"robots\" content=\"noindex, follow, max-snippet:-1, max-image-preview:large, max-video-preview:-1\" \/>\n<meta property=\"og:locale\" content=\"en_US\" \/>\n<meta property=\"og:type\" content=\"article\" \/>\n<meta property=\"og:title\" content=\"Protec\u021bia datelor personale - SVT Light\" \/>\n<meta property=\"og:description\" content=\"Protec\u021bia datelor dumneavoastr\u0103 cu caracter personal este important\u0103 pentru noi, prin urmare acord\u0103m o aten\u021bie deosebit\u0103 protej\u0103rii datelor personale ale tuturor celora cu care derul\u0103m opera\u021biuni comerciale, precum \u0219i a\u2026\" \/>\n<meta property=\"og:url\" content=\"https:\/\/svt.ro\/svtlight\/ro\/protectia-datelor-personale\/\" \/>\n<meta property=\"og:site_name\" content=\"SVT Light\" \/>\n<meta property=\"article:modified_time\" content=\"2021-10-13T05:36:07+00:00\" \/>\n<meta name=\"twitter:card\" content=\"summary_large_image\" \/>\n<meta name=\"twitter:label1\" content=\"Est. reading time\" \/>\n\t<meta name=\"twitter:data1\" content=\"8 minutes\" \/>\n<script type=\"application\/ld+json\" class=\"yoast-schema-graph\">{\"@context\":\"https:\/\/schema.org\",\"@graph\":[{\"@type\":\"WebPage\",\"@id\":\"https:\/\/svt.ro\/svtlight\/ro\/protectia-datelor-personale\/\",\"url\":\"https:\/\/svt.ro\/svtlight\/ro\/protectia-datelor-personale\/\",\"name\":\"Protec\u021bia datelor personale - SVT Light\",\"isPartOf\":{\"@id\":\"https:\/\/svt.ro\/svtlight\/#website\"},\"datePublished\":\"2021-10-07T12:42:42+00:00\",\"dateModified\":\"2021-10-13T05:36:07+00:00\",\"breadcrumb\":{\"@id\":\"https:\/\/svt.ro\/svtlight\/ro\/protectia-datelor-personale\/#breadcrumb\"},\"inLanguage\":\"en-US\",\"potentialAction\":[{\"@type\":\"ReadAction\",\"target\":[\"https:\/\/svt.ro\/svtlight\/ro\/protectia-datelor-personale\/\"]}]},{\"@type\":\"BreadcrumbList\",\"@id\":\"https:\/\/svt.ro\/svtlight\/ro\/protectia-datelor-personale\/#breadcrumb\",\"itemListElement\":[{\"@type\":\"ListItem\",\"position\":1,\"name\":\"Home\",\"item\":\"https:\/\/svt.ro\/svtlight\/\"},{\"@type\":\"ListItem\",\"position\":2,\"name\":\"Pagina de Start\",\"item\":\"https:\/\/svt.ro\/svtlight\/\"},{\"@type\":\"ListItem\",\"position\":3,\"name\":\"Protec\u021bia datelor personale\"}]},{\"@type\":\"WebSite\",\"@id\":\"https:\/\/svt.ro\/svtlight\/#website\",\"url\":\"https:\/\/svt.ro\/svtlight\/\",\"name\":\"SVT Light\",\"description\":\"\",\"potentialAction\":[{\"@type\":\"SearchAction\",\"target\":{\"@type\":\"EntryPoint\",\"urlTemplate\":\"https:\/\/svt.ro\/svtlight\/?s={search_term_string}\"},\"query-input\":\"required name=search_term_string\"}],\"inLanguage\":\"en-US\"}]}<\/script>\n<!-- \/ Yoast SEO plugin. -->","yoast_head_json":{"title":"Protec\u021bia datelor personale - SVT Light","robots":{"index":"noindex","follow":"follow","max-snippet":"max-snippet:-1","max-image-preview":"max-image-preview:large","max-video-preview":"max-video-preview:-1"},"og_locale":"en_US","og_type":"article","og_title":"Protec\u021bia datelor personale - SVT Light","og_description":"Protec\u021bia datelor dumneavoastr\u0103 cu caracter personal este important\u0103 pentru noi, prin urmare acord\u0103m o aten\u021bie deosebit\u0103 protej\u0103rii datelor personale ale tuturor celora cu care derul\u0103m opera\u021biuni comerciale, precum \u0219i a\u2026","og_url":"https:\/\/svt.ro\/svtlight\/ro\/protectia-datelor-personale\/","og_site_name":"SVT Light","article_modified_time":"2021-10-13T05:36:07+00:00","twitter_card":"summary_large_image","twitter_misc":{"Est. reading time":"8 minutes"},"schema":{"@context":"https:\/\/schema.org","@graph":[{"@type":"WebPage","@id":"https:\/\/svt.ro\/svtlight\/ro\/protectia-datelor-personale\/","url":"https:\/\/svt.ro\/svtlight\/ro\/protectia-datelor-personale\/","name":"Protec\u021bia datelor personale - SVT Light","isPartOf":{"@id":"https:\/\/svt.ro\/svtlight\/#website"},"datePublished":"2021-10-07T12:42:42+00:00","dateModified":"2021-10-13T05:36:07+00:00","breadcrumb":{"@id":"https:\/\/svt.ro\/svtlight\/ro\/protectia-datelor-personale\/#breadcrumb"},"inLanguage":"en-US","potentialAction":[{"@type":"ReadAction","target":["https:\/\/svt.ro\/svtlight\/ro\/protectia-datelor-personale\/"]}]},{"@type":"BreadcrumbList","@id":"https:\/\/svt.ro\/svtlight\/ro\/protectia-datelor-personale\/#breadcrumb","itemListElement":[{"@type":"ListItem","position":1,"name":"Home","item":"https:\/\/svt.ro\/svtlight\/"},{"@type":"ListItem","position":2,"name":"Pagina de Start","item":"https:\/\/svt.ro\/svtlight\/"},{"@type":"ListItem","position":3,"name":"Protec\u021bia datelor personale"}]},{"@type":"WebSite","@id":"https:\/\/svt.ro\/svtlight\/#website","url":"https:\/\/svt.ro\/svtlight\/","name":"SVT Light","description":"","potentialAction":[{"@type":"SearchAction","target":{"@type":"EntryPoint","urlTemplate":"https:\/\/svt.ro\/svtlight\/?s={search_term_string}"},"query-input":"required name=search_term_string"}],"inLanguage":"en-US"}]}},"_links":{"self":[{"href":"https:\/\/svt.ro\/svtlight\/wp-json\/wp\/v2\/pages\/122"}],"collection":[{"href":"https:\/\/svt.ro\/svtlight\/wp-json\/wp\/v2\/pages"}],"about":[{"href":"https:\/\/svt.ro\/svtlight\/wp-json\/wp\/v2\/types\/page"}],"author":[{"embeddable":true,"href":"https:\/\/svt.ro\/svtlight\/wp-json\/wp\/v2\/users\/1"}],"replies":[{"embeddable":true,"href":"https:\/\/svt.ro\/svtlight\/wp-json\/wp\/v2\/comments?post=122"}],"version-history":[{"count":2,"href":"https:\/\/svt.ro\/svtlight\/wp-json\/wp\/v2\/pages\/122\/revisions"}],"predecessor-version":[{"id":215,"href":"https:\/\/svt.ro\/svtlight\/wp-json\/wp\/v2\/pages\/122\/revisions\/215"}],"up":[{"embeddable":true,"href":"https:\/\/svt.ro\/svtlight\/wp-json\/wp\/v2\/pages\/2"}],"wp:attachment":[{"href":"https:\/\/svt.ro\/svtlight\/wp-json\/wp\/v2\/media?parent=122"}],"curies":[{"name":"wp","href":"https:\/\/api.w.org\/{rel}","templated":true}]}}