{"id":287,"date":"2021-05-14T12:00:27","date_gmt":"2021-05-14T09:00:27","guid":{"rendered":"https:\/\/svt.ro\/svtech\/?page_id=287"},"modified":"2021-05-14T12:00:27","modified_gmt":"2021-05-14T09:00:27","slug":"felhasznalasi-feltetelek","status":"publish","type":"page","link":"https:\/\/svt.ro\/svtech\/hu\/felhasznalasi-feltetelek\/","title":{"rendered":"Felhaszn\u00e1l\u00e1si felt\u00e9telek"},"content":{"rendered":"","protected":false},"excerpt":{"rendered":"","protected":false},"author":1,"featured_media":0,"parent":19,"menu_order":0,"comment_status":"closed","ping_status":"closed","template":"","meta":[],"acf":[],"yoast_head":"<!-- This site is optimized with the Yoast SEO plugin v19.6.1 - https:\/\/yoast.com\/wordpress\/plugins\/seo\/ -->\n<title>Felhaszn\u00e1l\u00e1si felt\u00e9telek - SVTech<\/title>\n<meta name=\"robots\" content=\"noindex, follow, max-snippet:-1, max-image-preview:large, max-video-preview:-1\" \/>\n<meta property=\"og:locale\" content=\"en_GB\" \/>\n<meta property=\"og:type\" content=\"article\" \/>\n<meta property=\"og:title\" content=\"Felhaszn\u00e1l\u00e1si felt\u00e9telek - SVTech\" \/>\n<meta property=\"og:url\" content=\"https:\/\/svt.ro\/svtech\/hu\/felhasznalasi-feltetelek\/\" \/>\n<meta property=\"og:site_name\" content=\"SVTech\" \/>\n<meta name=\"twitter:card\" content=\"summary_large_image\" \/>\n<script type=\"application\/ld+json\" class=\"yoast-schema-graph\">{\"@context\":\"https:\/\/schema.org\",\"@graph\":[{\"@type\":\"WebPage\",\"@id\":\"https:\/\/svt.ro\/svtech\/hu\/felhasznalasi-feltetelek\/\",\"url\":\"https:\/\/svt.ro\/svtech\/hu\/felhasznalasi-feltetelek\/\",\"name\":\"Felhaszn\u00e1l\u00e1si felt\u00e9telek - SVTech\",\"isPartOf\":{\"@id\":\"https:\/\/svt.ro\/svtech\/#website\"},\"datePublished\":\"2021-05-14T09:00:27+00:00\",\"dateModified\":\"2021-05-14T09:00:27+00:00\",\"breadcrumb\":{\"@id\":\"https:\/\/svt.ro\/svtech\/hu\/felhasznalasi-feltetelek\/#breadcrumb\"},\"inLanguage\":\"en-GB\",\"potentialAction\":[{\"@type\":\"ReadAction\",\"target\":[\"https:\/\/svt.ro\/svtech\/hu\/felhasznalasi-feltetelek\/\"]}]},{\"@type\":\"BreadcrumbList\",\"@id\":\"https:\/\/svt.ro\/svtech\/hu\/felhasznalasi-feltetelek\/#breadcrumb\",\"itemListElement\":[{\"@type\":\"ListItem\",\"position\":1,\"name\":\"Home\",\"item\":\"https:\/\/svt.ro\/svtech\/\"},{\"@type\":\"ListItem\",\"position\":2,\"name\":\"F\u0151oldal\",\"item\":\"https:\/\/svt.ro\/svtech\/hu\/\"},{\"@type\":\"ListItem\",\"position\":3,\"name\":\"Felhaszn\u00e1l\u00e1si felt\u00e9telek\"}]},{\"@type\":\"WebSite\",\"@id\":\"https:\/\/svt.ro\/svtech\/#website\",\"url\":\"https:\/\/svt.ro\/svtech\/\",\"name\":\"SVTech\",\"description\":\"\",\"potentialAction\":[{\"@type\":\"SearchAction\",\"target\":{\"@type\":\"EntryPoint\",\"urlTemplate\":\"https:\/\/svt.ro\/svtech\/?s={search_term_string}\"},\"query-input\":\"required name=search_term_string\"}],\"inLanguage\":\"en-GB\"}]}<\/script>\n<!-- \/ Yoast SEO plugin. -->","yoast_head_json":{"title":"Felhaszn\u00e1l\u00e1si felt\u00e9telek - SVTech","robots":{"index":"noindex","follow":"follow","max-snippet":"max-snippet:-1","max-image-preview":"max-image-preview:large","max-video-preview":"max-video-preview:-1"},"og_locale":"en_GB","og_type":"article","og_title":"Felhaszn\u00e1l\u00e1si felt\u00e9telek - SVTech","og_url":"https:\/\/svt.ro\/svtech\/hu\/felhasznalasi-feltetelek\/","og_site_name":"SVTech","twitter_card":"summary_large_image","schema":{"@context":"https:\/\/schema.org","@graph":[{"@type":"WebPage","@id":"https:\/\/svt.ro\/svtech\/hu\/felhasznalasi-feltetelek\/","url":"https:\/\/svt.ro\/svtech\/hu\/felhasznalasi-feltetelek\/","name":"Felhaszn\u00e1l\u00e1si felt\u00e9telek - SVTech","isPartOf":{"@id":"https:\/\/svt.ro\/svtech\/#website"},"datePublished":"2021-05-14T09:00:27+00:00","dateModified":"2021-05-14T09:00:27+00:00","breadcrumb":{"@id":"https:\/\/svt.ro\/svtech\/hu\/felhasznalasi-feltetelek\/#breadcrumb"},"inLanguage":"en-GB","potentialAction":[{"@type":"ReadAction","target":["https:\/\/svt.ro\/svtech\/hu\/felhasznalasi-feltetelek\/"]}]},{"@type":"BreadcrumbList","@id":"https:\/\/svt.ro\/svtech\/hu\/felhasznalasi-feltetelek\/#breadcrumb","itemListElement":[{"@type":"ListItem","position":1,"name":"Home","item":"https:\/\/svt.ro\/svtech\/"},{"@type":"ListItem","position":2,"name":"F\u0151oldal","item":"https:\/\/svt.ro\/svtech\/hu\/"},{"@type":"ListItem","position":3,"name":"Felhaszn\u00e1l\u00e1si felt\u00e9telek"}]},{"@type":"WebSite","@id":"https:\/\/svt.ro\/svtech\/#website","url":"https:\/\/svt.ro\/svtech\/","name":"SVTech","description":"","potentialAction":[{"@type":"SearchAction","target":{"@type":"EntryPoint","urlTemplate":"https:\/\/svt.ro\/svtech\/?s={search_term_string}"},"query-input":"required name=search_term_string"}],"inLanguage":"en-GB"}]}},"_links":{"self":[{"href":"https:\/\/svt.ro\/svtech\/wp-json\/wp\/v2\/pages\/287"}],"collection":[{"href":"https:\/\/svt.ro\/svtech\/wp-json\/wp\/v2\/pages"}],"about":[{"href":"https:\/\/svt.ro\/svtech\/wp-json\/wp\/v2\/types\/page"}],"author":[{"embeddable":true,"href":"https:\/\/svt.ro\/svtech\/wp-json\/wp\/v2\/users\/1"}],"replies":[{"embeddable":true,"href":"https:\/\/svt.ro\/svtech\/wp-json\/wp\/v2\/comments?post=287"}],"version-history":[{"count":1,"href":"https:\/\/svt.ro\/svtech\/wp-json\/wp\/v2\/pages\/287\/revisions"}],"predecessor-version":[{"id":288,"href":"https:\/\/svt.ro\/svtech\/wp-json\/wp\/v2\/pages\/287\/revisions\/288"}],"up":[{"embeddable":true,"href":"https:\/\/svt.ro\/svtech\/wp-json\/wp\/v2\/pages\/19"}],"wp:attachment":[{"href":"https:\/\/svt.ro\/svtech\/wp-json\/wp\/v2\/media?parent=287"}],"curies":[{"name":"wp","href":"https:\/\/api.w.org\/{rel}","templated":true}]}}