{"id":80,"date":"2021-03-25T10:54:58","date_gmt":"2021-03-25T08:54:58","guid":{"rendered":"https:\/\/svt.ro\/optimoo\/?page_id=80"},"modified":"2021-06-09T09:49:10","modified_gmt":"2021-06-09T06:49:10","slug":"elerhetosegek","status":"publish","type":"page","link":"https:\/\/svt.ro\/optimoo\/hu\/elerhetosegek\/","title":{"rendered":"El\u00e9rhet\u0151s\u00e9gek"},"content":{"rendered":"<div class=\"optimoo-contact-wrapper\">\n<div class=\"form-data contact-divs\">\n<p>A Lorem Ipsum egy egyszer\u00fb sz\u00f6vegr\u00e9szlete, sz\u00f6vegut\u00e1nzata a bet\u00fbszed\u00f5 \u00e9s nyomdaiparnak. A Lorem Ipsum az 1500-as \u00e9vek \u00f3ta standard sz\u00f6vegr\u00e9szletk\u00e9nt szolg\u00e1lt az iparban; mikor egy ismeretlen nyomd\u00e1sz \u00f6ssze\u00e1ll\u00edtotta a bet\u00fbk\u00e9szlet\u00e9t \u00e9s egy p\u00e9lda-k\u00f6nyvet vagy sz\u00f6veget nyomott pap\u00edrra, ezt haszn\u00e1lta. Nem csak 5 \u00e9vsz\u00e1zadot \u00e9lt t\u00fal, de az elektronikus bet\u00fbk\u00e9szletekn\u00e9l is v\u00e1ltozatlanul megmaradt. Az 1960-as \u00e9vekben n\u00e9pszer\u00fbs\u00edtett\u00e9k a Lorem Ipsum r\u00e9szleteket magukbafoglal\u00f3 Letraset lapokkal, \u00e9s legut\u00f3bb softwarekkel mint p\u00e9ld\u00e1ul az Aldus Pagemaker.<\/p>\n<p>540331, Br\u0103ila utca 9A<br \/>\nMarosv\u00e1s\u00e1rhely, Rom\u00e1nia<\/p>\n<p>E-mail:\u00a0<a title=\"E-mail\" href=\"mailto:suport@optimoo.ro\">suport@optimoo.ro<\/a><br \/>\nTel:\u00a0<a title=\"Telefonsz\u00e1m\" href=\"tel:0040747092098\">+40747092098<\/a><\/p>\n<div role=\"form\" class=\"wpcf7\" id=\"wpcf7-f384-o1\" lang=\"hu-HU\" dir=\"ltr\">\n<div class=\"screen-reader-response\">\n<p role=\"status\" aria-live=\"polite\" aria-atomic=\"true\">\n<ul><\/ul>\n<\/div>\n<form action=\"\/optimoo\/wp-json\/wp\/v2\/pages\/80#wpcf7-f384-o1\" method=\"post\" class=\"wpcf7-form init\" novalidate=\"novalidate\" data-status=\"init\">\n<div style=\"display: none;\">\n<input type=\"hidden\" name=\"_wpcf7\" value=\"384\" \/><br \/>\n<input type=\"hidden\" name=\"_wpcf7_version\" value=\"5.6.3\" \/><br \/>\n<input type=\"hidden\" name=\"_wpcf7_locale\" value=\"hu_HU\" \/><br \/>\n<input type=\"hidden\" name=\"_wpcf7_unit_tag\" value=\"wpcf7-f384-o1\" \/><br \/>\n<input type=\"hidden\" name=\"_wpcf7_container_post\" value=\"0\" \/><br \/>\n<input type=\"hidden\" name=\"_wpcf7_posted_data_hash\" value=\"\" \/><br \/>\n<input type=\"hidden\" name=\"_wpcf7cf_hidden_group_fields\" value=\"[]\" \/><br \/>\n<input type=\"hidden\" name=\"_wpcf7cf_hidden_groups\" value=\"[]\" \/><br \/>\n<input type=\"hidden\" name=\"_wpcf7cf_visible_groups\" value=\"[]\" \/><br \/>\n<input type=\"hidden\" name=\"_wpcf7cf_repeaters\" value=\"[]\" \/><br \/>\n<input type=\"hidden\" name=\"_wpcf7cf_steps\" value=\"{}\" \/><br \/>\n<input type=\"hidden\" name=\"_wpcf7cf_options\" value=\"{&quot;form_id&quot;:384,&quot;conditions&quot;:[],&quot;settings&quot;:{&quot;animation&quot;:&quot;yes&quot;,&quot;animation_intime&quot;:200,&quot;animation_outtime&quot;:200,&quot;conditions_ui&quot;:&quot;normal&quot;,&quot;notice_dismissed&quot;:false,&quot;notice_dismissed_rollback-cf7-5.4&quot;:true}}\" \/><br \/>\n<input type=\"hidden\" name=\"_wpcf7_recaptcha_response\" value=\"\" \/>\n<\/div>\n<div class=\"wpcf7-response-output\" aria-hidden=\"true\"><\/div>\n<div class=\"row\">\n<label class=\"col size-1-2 field-wrap\"><span>Teljes n\u00e9v *<\/span><span class=\"wpcf7-form-control-wrap\" data-name=\"full_name\"><input type=\"text\" name=\"full_name\" value=\"\" size=\"40\" class=\"wpcf7-form-control wpcf7-text wpcf7-validates-as-required field\" id=\"field-full_name\" aria-required=\"true\" aria-invalid=\"false\" \/><\/span><\/label><br \/>\n<label class=\"col size-1-2 field-wrap\"><span>Emailc\u00edm *<\/span><span class=\"wpcf7-form-control-wrap\" data-name=\"email_address\"><input type=\"email\" name=\"email_address\" value=\"\" size=\"40\" class=\"wpcf7-form-control wpcf7-text wpcf7-email wpcf7-validates-as-required wpcf7-validates-as-email field\" id=\"field-email_address\" aria-required=\"true\" aria-invalid=\"false\" \/><\/span><\/label><!-- <label class=\"col size-1-3 field-wrap\"><span>Ad\u00f3sz\u00e1m<\/span><span class=\"wpcf7-form-control-wrap\" data-name=\"vat_number\"><input type=\"text\" name=\"vat_number\" value=\"\" size=\"40\" class=\"wpcf7-form-control wpcf7-text field\" id=\"field-vat_number\" aria-invalid=\"false\" \/><\/span><\/label> -->\n<\/div>\n<div class=\"row\">\n<label class=\"col size-1-1 field-wrap\"><span>T\u00e1rgy<\/span><span class=\"wpcf7-form-control-wrap\" data-name=\"message_subject\"><input type=\"text\" name=\"message_subject\" value=\"\" size=\"40\" class=\"wpcf7-form-control wpcf7-text field\" id=\"field-message_subject\" aria-invalid=\"false\" \/><\/span><\/label>\n<\/div>\n<div class=\"row\">\n<label class=\"col size-1-1 field-wrap\"><span>\u00dczenet *<\/span><span class=\"wpcf7-form-control-wrap\" data-name=\"message_content\"><textarea name=\"message_content\" cols=\"40\" rows=\"10\" class=\"wpcf7-form-control wpcf7-textarea wpcf7-validates-as-required field\" id=\"field-message_content\" aria-required=\"true\" aria-invalid=\"false\"><\/textarea><\/span><\/label>\n<\/div>\n<div class=\"row\">\n<label class=\"col size-1-1 field-wrap\"><span class=\"wpcf7-form-control-wrap\" data-name=\"accept_terms\"><span class=\"wpcf7-form-control wpcf7-acceptance\"><span class=\"wpcf7-list-item\"><label><input type=\"checkbox\" name=\"accept_terms\" value=\"1\" aria-invalid=\"false\" \/><span class=\"wpcf7-list-item-label\">Elolvastam \u00e9s elfogadom az oldal <a href=\"https:\/\/svt.ro\/optimoo\/hu\/adatvedelmi-iranyelvek\/\" target=\"_blank\">Adatv\u00e9delmi ir\u00e1nyelveit<\/a><\/span><\/label><\/span><\/span><\/span><\/label>\n<\/div>\n<div class=\"row\">\n<div class=\"col size-1-2 bottom\">A *-al jel\u00f6lt mez\u0151k k\u00f6telez\u0151k.<\/div>\n<div class=\"col size-1-2 bottom clear-content\"><input type=\"submit\" value=\"Elkuld\u00e9s\" class=\"wpcf7-form-control has-spinner wpcf7-submit action floatright\" id=\"action-submit\" \/><\/div>\n<\/div>\n<\/form>\n<\/div>\n<\/div>\n<div class=\"map-data contact-divs\">\n<div class=\"mapouter\">\n<div class=\"gmap_canvas\"><iframe loading=\"lazy\" id=\"gmap_canvas\" src=\"https:\/\/maps.google.com\/maps?q=540331%20strada%20braila%209a&#038;t=&#038;z=13&#038;ie=UTF8&#038;iwloc=&#038;output=embed&amp;hl=hu\" width=\"600\" height=\"556\" frameborder=\"0\" marginwidth=\"0\" marginheight=\"0\" scrolling=\"no\"><\/iframe><\/div>\n<\/div>\n<\/div>\n<\/div>\n","protected":false},"excerpt":{"rendered":"<p>A Lorem Ipsum egy egyszer\u00fb sz\u00f6vegr\u00e9szlete, sz\u00f6vegut\u00e1nzata a bet\u00fbszed\u00f5 \u00e9s nyomdaiparnak. A Lorem Ipsum az 1500-as \u00e9vek \u00f3ta standard sz\u00f6vegr\u00e9szletk\u00e9nt szolg\u00e1lt az iparban; mikor egy ismeretlen nyomd\u00e1sz \u00f6ssze\u00e1ll\u00edtotta a bet\u00fbk\u00e9szlet\u00e9t\u2026<\/p>\n","protected":false},"author":1,"featured_media":0,"parent":31,"menu_order":0,"comment_status":"closed","ping_status":"closed","template":"","meta":[],"acf":[],"yoast_head":"<!-- This site is optimized with the Yoast SEO plugin v19.6.1 - https:\/\/yoast.com\/wordpress\/plugins\/seo\/ -->\n<title>El\u00e9rhet\u0151s\u00e9gek - Optimoo<\/title>\n<meta name=\"robots\" content=\"noindex, follow, max-snippet:-1, max-image-preview:large, max-video-preview:-1\" \/>\n<meta property=\"og:locale\" content=\"en_GB\" \/>\n<meta property=\"og:type\" content=\"article\" \/>\n<meta property=\"og:title\" content=\"El\u00e9rhet\u0151s\u00e9gek - Optimoo\" \/>\n<meta property=\"og:description\" content=\"A Lorem Ipsum egy egyszer\u00fb sz\u00f6vegr\u00e9szlete, sz\u00f6vegut\u00e1nzata a bet\u00fbszed\u00f5 \u00e9s nyomdaiparnak. A Lorem Ipsum az 1500-as \u00e9vek \u00f3ta standard sz\u00f6vegr\u00e9szletk\u00e9nt szolg\u00e1lt az iparban; mikor egy ismeretlen nyomd\u00e1sz \u00f6ssze\u00e1ll\u00edtotta a bet\u00fbk\u00e9szlet\u00e9t\u2026\" \/>\n<meta property=\"og:url\" content=\"https:\/\/svt.ro\/optimoo\/hu\/elerhetosegek\/\" \/>\n<meta property=\"og:site_name\" content=\"Optimoo\" \/>\n<meta property=\"article:modified_time\" content=\"2021-06-09T06:49:10+00:00\" \/>\n<meta name=\"twitter:card\" content=\"summary_large_image\" \/>\n<meta name=\"twitter:label1\" content=\"Estimated reading time\" \/>\n\t<meta name=\"twitter:data1\" content=\"1 minute\" \/>\n<script type=\"application\/ld+json\" class=\"yoast-schema-graph\">{\"@context\":\"https:\/\/schema.org\",\"@graph\":[{\"@type\":\"WebPage\",\"@id\":\"https:\/\/svt.ro\/optimoo\/hu\/elerhetosegek\/\",\"url\":\"https:\/\/svt.ro\/optimoo\/hu\/elerhetosegek\/\",\"name\":\"El\u00e9rhet\u0151s\u00e9gek - Optimoo\",\"isPartOf\":{\"@id\":\"https:\/\/svt.ro\/optimoo\/#website\"},\"datePublished\":\"2021-03-25T08:54:58+00:00\",\"dateModified\":\"2021-06-09T06:49:10+00:00\",\"breadcrumb\":{\"@id\":\"https:\/\/svt.ro\/optimoo\/hu\/elerhetosegek\/#breadcrumb\"},\"inLanguage\":\"en-GB\",\"potentialAction\":[{\"@type\":\"ReadAction\",\"target\":[\"https:\/\/svt.ro\/optimoo\/hu\/elerhetosegek\/\"]}]},{\"@type\":\"BreadcrumbList\",\"@id\":\"https:\/\/svt.ro\/optimoo\/hu\/elerhetosegek\/#breadcrumb\",\"itemListElement\":[{\"@type\":\"ListItem\",\"position\":1,\"name\":\"Home\",\"item\":\"https:\/\/svt.ro\/optimoo\/\"},{\"@type\":\"ListItem\",\"position\":2,\"name\":\"F\u0151oldal\",\"item\":\"https:\/\/svt.ro\/optimoo\/hu\/\"},{\"@type\":\"ListItem\",\"position\":3,\"name\":\"El\u00e9rhet\u0151s\u00e9gek\"}]},{\"@type\":\"WebSite\",\"@id\":\"https:\/\/svt.ro\/optimoo\/#website\",\"url\":\"https:\/\/svt.ro\/optimoo\/\",\"name\":\"Optimoo\",\"description\":\"\",\"potentialAction\":[{\"@type\":\"SearchAction\",\"target\":{\"@type\":\"EntryPoint\",\"urlTemplate\":\"https:\/\/svt.ro\/optimoo\/?s={search_term_string}\"},\"query-input\":\"required name=search_term_string\"}],\"inLanguage\":\"en-GB\"}]}<\/script>\n<!-- \/ Yoast SEO plugin. -->","yoast_head_json":{"title":"El\u00e9rhet\u0151s\u00e9gek - Optimoo","robots":{"index":"noindex","follow":"follow","max-snippet":"max-snippet:-1","max-image-preview":"max-image-preview:large","max-video-preview":"max-video-preview:-1"},"og_locale":"en_GB","og_type":"article","og_title":"El\u00e9rhet\u0151s\u00e9gek - Optimoo","og_description":"A Lorem Ipsum egy egyszer\u00fb sz\u00f6vegr\u00e9szlete, sz\u00f6vegut\u00e1nzata a bet\u00fbszed\u00f5 \u00e9s nyomdaiparnak. A Lorem Ipsum az 1500-as \u00e9vek \u00f3ta standard sz\u00f6vegr\u00e9szletk\u00e9nt szolg\u00e1lt az iparban; mikor egy ismeretlen nyomd\u00e1sz \u00f6ssze\u00e1ll\u00edtotta a bet\u00fbk\u00e9szlet\u00e9t\u2026","og_url":"https:\/\/svt.ro\/optimoo\/hu\/elerhetosegek\/","og_site_name":"Optimoo","article_modified_time":"2021-06-09T06:49:10+00:00","twitter_card":"summary_large_image","twitter_misc":{"Estimated reading time":"1 minute"},"schema":{"@context":"https:\/\/schema.org","@graph":[{"@type":"WebPage","@id":"https:\/\/svt.ro\/optimoo\/hu\/elerhetosegek\/","url":"https:\/\/svt.ro\/optimoo\/hu\/elerhetosegek\/","name":"El\u00e9rhet\u0151s\u00e9gek - Optimoo","isPartOf":{"@id":"https:\/\/svt.ro\/optimoo\/#website"},"datePublished":"2021-03-25T08:54:58+00:00","dateModified":"2021-06-09T06:49:10+00:00","breadcrumb":{"@id":"https:\/\/svt.ro\/optimoo\/hu\/elerhetosegek\/#breadcrumb"},"inLanguage":"en-GB","potentialAction":[{"@type":"ReadAction","target":["https:\/\/svt.ro\/optimoo\/hu\/elerhetosegek\/"]}]},{"@type":"BreadcrumbList","@id":"https:\/\/svt.ro\/optimoo\/hu\/elerhetosegek\/#breadcrumb","itemListElement":[{"@type":"ListItem","position":1,"name":"Home","item":"https:\/\/svt.ro\/optimoo\/"},{"@type":"ListItem","position":2,"name":"F\u0151oldal","item":"https:\/\/svt.ro\/optimoo\/hu\/"},{"@type":"ListItem","position":3,"name":"El\u00e9rhet\u0151s\u00e9gek"}]},{"@type":"WebSite","@id":"https:\/\/svt.ro\/optimoo\/#website","url":"https:\/\/svt.ro\/optimoo\/","name":"Optimoo","description":"","potentialAction":[{"@type":"SearchAction","target":{"@type":"EntryPoint","urlTemplate":"https:\/\/svt.ro\/optimoo\/?s={search_term_string}"},"query-input":"required name=search_term_string"}],"inLanguage":"en-GB"}]}},"_links":{"self":[{"href":"https:\/\/svt.ro\/optimoo\/wp-json\/wp\/v2\/pages\/80"}],"collection":[{"href":"https:\/\/svt.ro\/optimoo\/wp-json\/wp\/v2\/pages"}],"about":[{"href":"https:\/\/svt.ro\/optimoo\/wp-json\/wp\/v2\/types\/page"}],"author":[{"embeddable":true,"href":"https:\/\/svt.ro\/optimoo\/wp-json\/wp\/v2\/users\/1"}],"replies":[{"embeddable":true,"href":"https:\/\/svt.ro\/optimoo\/wp-json\/wp\/v2\/comments?post=80"}],"version-history":[{"count":8,"href":"https:\/\/svt.ro\/optimoo\/wp-json\/wp\/v2\/pages\/80\/revisions"}],"predecessor-version":[{"id":700,"href":"https:\/\/svt.ro\/optimoo\/wp-json\/wp\/v2\/pages\/80\/revisions\/700"}],"up":[{"embeddable":true,"href":"https:\/\/svt.ro\/optimoo\/wp-json\/wp\/v2\/pages\/31"}],"wp:attachment":[{"href":"https:\/\/svt.ro\/optimoo\/wp-json\/wp\/v2\/media?parent=80"}],"curies":[{"name":"wp","href":"https:\/\/api.w.org\/{rel}","templated":true}]}}