{"id":78,"date":"2021-03-25T10:54:38","date_gmt":"2021-03-25T08:54:38","guid":{"rendered":"https:\/\/svt.ro\/optimoo\/?page_id=78"},"modified":"2021-06-23T13:02:14","modified_gmt":"2021-06-23T10:02:14","slug":"contacteaza-un-specialist-optimoo","status":"publish","type":"page","link":"https:\/\/svt.ro\/optimoo\/ro\/contacteaza-un-specialist-optimoo\/","title":{"rendered":"Contacteaz\u0103 un specialist Optimoo"},"content":{"rendered":"<div class=\"optimoo-contact-wrapper\">\n<div class=\"form-data contact-divs\">\n<p>Dac\u0103 \u021bi-am st\u00e2rnit curiozitatea \u0219i ai \u00eentreb\u0103ri despre ce \u00ee\u021bi ofer\u0103 Optimoo sau care sunt pa\u0219ii de implementare, scrie-ne, iar echipa noastr\u0103 format\u0103 din speciali\u0219ti faini \u0219i experimenta\u021bi \u00ee\u021bi va r\u0103spunde cu drag.<\/p>\n<p>540331, Strada Br\u0103ila 9A<br \/>\nT\u00e2rgu Mure\u0219, Rom\u00e2nia<\/p>\n<p>E-mail:\u00a0<a title=\"E-mail\" href=\"mailto:suport@optimoo.ro\">suport@optimoo.ro<\/a><br \/>\nTel:\u00a0<a title=\"Nr. telefon\" href=\"tel:0040747092098\">+40747092098<\/a><\/p>\n<div role=\"form\" class=\"wpcf7\" id=\"wpcf7-f382-o1\" lang=\"ro-RO\" dir=\"ltr\">\n<div class=\"screen-reader-response\">\n<p role=\"status\" aria-live=\"polite\" aria-atomic=\"true\">\n<ul><\/ul>\n<\/div>\n<form action=\"\/optimoo\/wp-json\/wp\/v2\/pages\/78#wpcf7-f382-o1\" method=\"post\" class=\"wpcf7-form init\" novalidate=\"novalidate\" data-status=\"init\">\n<div style=\"display: none;\">\n<input type=\"hidden\" name=\"_wpcf7\" value=\"382\" \/><br \/>\n<input type=\"hidden\" name=\"_wpcf7_version\" value=\"5.6.3\" \/><br \/>\n<input type=\"hidden\" name=\"_wpcf7_locale\" value=\"ro_RO\" \/><br \/>\n<input type=\"hidden\" name=\"_wpcf7_unit_tag\" value=\"wpcf7-f382-o1\" \/><br \/>\n<input type=\"hidden\" name=\"_wpcf7_container_post\" value=\"0\" \/><br \/>\n<input type=\"hidden\" name=\"_wpcf7_posted_data_hash\" value=\"\" \/><br \/>\n<input type=\"hidden\" name=\"_wpcf7cf_hidden_group_fields\" value=\"[]\" \/><br \/>\n<input type=\"hidden\" name=\"_wpcf7cf_hidden_groups\" value=\"[]\" \/><br \/>\n<input type=\"hidden\" name=\"_wpcf7cf_visible_groups\" value=\"[]\" \/><br \/>\n<input type=\"hidden\" name=\"_wpcf7cf_repeaters\" value=\"[]\" \/><br \/>\n<input type=\"hidden\" name=\"_wpcf7cf_steps\" value=\"{}\" \/><br \/>\n<input type=\"hidden\" name=\"_wpcf7cf_options\" value=\"{&quot;form_id&quot;:382,&quot;conditions&quot;:[],&quot;settings&quot;:{&quot;animation&quot;:&quot;yes&quot;,&quot;animation_intime&quot;:200,&quot;animation_outtime&quot;:200,&quot;conditions_ui&quot;:&quot;normal&quot;,&quot;notice_dismissed&quot;:false,&quot;notice_dismissed_rollback-cf7-5.4&quot;:true}}\" \/><br \/>\n<input type=\"hidden\" name=\"_wpcf7_recaptcha_response\" value=\"\" \/>\n<\/div>\n<div class=\"wpcf7-response-output\" aria-hidden=\"true\"><\/div>\n<div class=\"row\">\n<label class=\"col size-1-2 field-wrap\"><span>Numele \u00eentreg *<\/span><span class=\"wpcf7-form-control-wrap\" data-name=\"full_name\"><input type=\"text\" name=\"full_name\" value=\"\" size=\"40\" class=\"wpcf7-form-control wpcf7-text wpcf7-validates-as-required field\" id=\"field-full_name\" aria-required=\"true\" aria-invalid=\"false\" \/><\/span><\/label><br \/>\n<label class=\"col size-1-2 field-wrap\"><span>Adresa de email *<\/span><span class=\"wpcf7-form-control-wrap\" data-name=\"email_address\"><input type=\"email\" name=\"email_address\" value=\"\" size=\"40\" class=\"wpcf7-form-control wpcf7-text wpcf7-email wpcf7-validates-as-required wpcf7-validates-as-email field\" id=\"field-email_address\" aria-required=\"true\" aria-invalid=\"false\" \/><\/span><\/label><!-- <label class=\"col size-1-3 field-wrap\"><span>Codul fiscal<\/span><span class=\"wpcf7-form-control-wrap\" data-name=\"vat_number\"><input type=\"text\" name=\"vat_number\" value=\"\" size=\"40\" class=\"wpcf7-form-control wpcf7-text field\" id=\"field-vat_number\" aria-invalid=\"false\" \/><\/span><\/label> -->\n<\/div>\n<div class=\"row\">\n<label class=\"col size-1-1 field-wrap\"><span>Subiectul<\/span><span class=\"wpcf7-form-control-wrap\" data-name=\"message_subject\"><input type=\"text\" name=\"message_subject\" value=\"\" size=\"40\" class=\"wpcf7-form-control wpcf7-text field\" id=\"field-message_subject\" aria-invalid=\"false\" \/><\/span><\/label>\n<\/div>\n<div class=\"row\">\n<label class=\"col size-1-1 field-wrap\"><span>Mesajul *<\/span><span class=\"wpcf7-form-control-wrap\" data-name=\"message_content\"><textarea name=\"message_content\" cols=\"40\" rows=\"10\" class=\"wpcf7-form-control wpcf7-textarea wpcf7-validates-as-required field\" id=\"field-message_content\" aria-required=\"true\" aria-invalid=\"false\"><\/textarea><\/span><\/label>\n<\/div>\n<div class=\"row\">\n<label class=\"col size-1-1 field-wrap\"><span class=\"wpcf7-form-control-wrap\" data-name=\"accept_terms\"><span class=\"wpcf7-form-control wpcf7-acceptance\"><span class=\"wpcf7-list-item\"><label><input type=\"checkbox\" name=\"accept_terms\" value=\"1\" aria-invalid=\"false\" \/><span class=\"wpcf7-list-item-label\">Am citit \u0219i sunt de acord cu <a href=\"https:\/\/svt.ro\/optimoo\/ro\/protectia-datelor-personale\/\">Politica de confiden\u021bialitate<\/a><\/span><\/label><\/span><\/span><\/span><\/label>\n<\/div>\n<div class=\"row\">\n<div class=\"col size-1-2 bottom\">C\u00e2mpurile marcate cu * sunt obligatorii.<\/div>\n<div class=\"col size-1-2 bottom clear-content\"><input type=\"submit\" value=\"Trimite\" class=\"wpcf7-form-control has-spinner wpcf7-submit action floatright\" id=\"action-submit\" \/><\/div>\n<\/div>\n<\/form>\n<\/div>\n<\/div>\n<div class=\"map-data contact-divs\">\n<div class=\"mapouter\">\n<div class=\"gmap_canvas\"><iframe loading=\"lazy\" id=\"gmap_canvas\" src=\"https:\/\/maps.google.com\/maps?q=540331%20strada%20braila%209a&amp;t=&amp;z=13&amp;ie=UTF8&amp;iwloc=&amp;output=embed&amp;hl=hu\" width=\"600\" height=\"556\" frameborder=\"0\" marginwidth=\"0\" marginheight=\"0\" scrolling=\"no\"><\/iframe><\/div>\n<\/div>\n<\/div>\n<\/div>\n","protected":false},"excerpt":{"rendered":"<p>Dac\u0103 \u021bi-am st\u00e2rnit curiozitatea \u0219i ai \u00eentreb\u0103ri despre ce \u00ee\u021bi ofer\u0103 Optimoo sau care sunt pa\u0219ii de implementare, scrie-ne, iar echipa noastr\u0103 format\u0103 din speciali\u0219ti faini \u0219i experimenta\u021bi \u00ee\u021bi va\u2026<\/p>\n","protected":false},"author":1,"featured_media":0,"parent":2,"menu_order":0,"comment_status":"closed","ping_status":"closed","template":"","meta":[],"acf":[],"yoast_head":"<!-- This site is optimized with the Yoast SEO plugin v19.6.1 - https:\/\/yoast.com\/wordpress\/plugins\/seo\/ -->\n<title>Contacteaz\u0103 un specialist Optimoo - Optimoo<\/title>\n<meta name=\"robots\" content=\"noindex, follow, max-snippet:-1, max-image-preview:large, max-video-preview:-1\" \/>\n<meta property=\"og:locale\" content=\"en_GB\" \/>\n<meta property=\"og:type\" content=\"article\" \/>\n<meta property=\"og:title\" content=\"Contacteaz\u0103 un specialist Optimoo - Optimoo\" \/>\n<meta property=\"og:description\" content=\"Dac\u0103 \u021bi-am st\u00e2rnit curiozitatea \u0219i ai \u00eentreb\u0103ri despre ce \u00ee\u021bi ofer\u0103 Optimoo sau care sunt pa\u0219ii de implementare, scrie-ne, iar echipa noastr\u0103 format\u0103 din speciali\u0219ti faini \u0219i experimenta\u021bi \u00ee\u021bi va\u2026\" \/>\n<meta property=\"og:url\" content=\"https:\/\/svt.ro\/optimoo\/ro\/contacteaza-un-specialist-optimoo\/\" \/>\n<meta property=\"og:site_name\" content=\"Optimoo\" \/>\n<meta property=\"article:modified_time\" content=\"2021-06-23T10:02:14+00:00\" \/>\n<meta name=\"twitter:card\" content=\"summary_large_image\" \/>\n<meta name=\"twitter:label1\" content=\"Estimated reading time\" \/>\n\t<meta name=\"twitter:data1\" content=\"1 minute\" \/>\n<script type=\"application\/ld+json\" class=\"yoast-schema-graph\">{\"@context\":\"https:\/\/schema.org\",\"@graph\":[{\"@type\":\"WebPage\",\"@id\":\"https:\/\/svt.ro\/optimoo\/ro\/contacteaza-un-specialist-optimoo\/\",\"url\":\"https:\/\/svt.ro\/optimoo\/ro\/contacteaza-un-specialist-optimoo\/\",\"name\":\"Contacteaz\u0103 un specialist Optimoo - Optimoo\",\"isPartOf\":{\"@id\":\"https:\/\/svt.ro\/optimoo\/#website\"},\"datePublished\":\"2021-03-25T08:54:38+00:00\",\"dateModified\":\"2021-06-23T10:02:14+00:00\",\"breadcrumb\":{\"@id\":\"https:\/\/svt.ro\/optimoo\/ro\/contacteaza-un-specialist-optimoo\/#breadcrumb\"},\"inLanguage\":\"en-GB\",\"potentialAction\":[{\"@type\":\"ReadAction\",\"target\":[\"https:\/\/svt.ro\/optimoo\/ro\/contacteaza-un-specialist-optimoo\/\"]}]},{\"@type\":\"BreadcrumbList\",\"@id\":\"https:\/\/svt.ro\/optimoo\/ro\/contacteaza-un-specialist-optimoo\/#breadcrumb\",\"itemListElement\":[{\"@type\":\"ListItem\",\"position\":1,\"name\":\"Home\",\"item\":\"https:\/\/svt.ro\/optimoo\/\"},{\"@type\":\"ListItem\",\"position\":2,\"name\":\"Pagina de Start\",\"item\":\"https:\/\/svt.ro\/optimoo\/\"},{\"@type\":\"ListItem\",\"position\":3,\"name\":\"Contacteaz\u0103 un specialist Optimoo\"}]},{\"@type\":\"WebSite\",\"@id\":\"https:\/\/svt.ro\/optimoo\/#website\",\"url\":\"https:\/\/svt.ro\/optimoo\/\",\"name\":\"Optimoo\",\"description\":\"\",\"potentialAction\":[{\"@type\":\"SearchAction\",\"target\":{\"@type\":\"EntryPoint\",\"urlTemplate\":\"https:\/\/svt.ro\/optimoo\/?s={search_term_string}\"},\"query-input\":\"required name=search_term_string\"}],\"inLanguage\":\"en-GB\"}]}<\/script>\n<!-- \/ Yoast SEO plugin. -->","yoast_head_json":{"title":"Contacteaz\u0103 un specialist Optimoo - Optimoo","robots":{"index":"noindex","follow":"follow","max-snippet":"max-snippet:-1","max-image-preview":"max-image-preview:large","max-video-preview":"max-video-preview:-1"},"og_locale":"en_GB","og_type":"article","og_title":"Contacteaz\u0103 un specialist Optimoo - Optimoo","og_description":"Dac\u0103 \u021bi-am st\u00e2rnit curiozitatea \u0219i ai \u00eentreb\u0103ri despre ce \u00ee\u021bi ofer\u0103 Optimoo sau care sunt pa\u0219ii de implementare, scrie-ne, iar echipa noastr\u0103 format\u0103 din speciali\u0219ti faini \u0219i experimenta\u021bi \u00ee\u021bi va\u2026","og_url":"https:\/\/svt.ro\/optimoo\/ro\/contacteaza-un-specialist-optimoo\/","og_site_name":"Optimoo","article_modified_time":"2021-06-23T10:02:14+00:00","twitter_card":"summary_large_image","twitter_misc":{"Estimated reading time":"1 minute"},"schema":{"@context":"https:\/\/schema.org","@graph":[{"@type":"WebPage","@id":"https:\/\/svt.ro\/optimoo\/ro\/contacteaza-un-specialist-optimoo\/","url":"https:\/\/svt.ro\/optimoo\/ro\/contacteaza-un-specialist-optimoo\/","name":"Contacteaz\u0103 un specialist Optimoo - Optimoo","isPartOf":{"@id":"https:\/\/svt.ro\/optimoo\/#website"},"datePublished":"2021-03-25T08:54:38+00:00","dateModified":"2021-06-23T10:02:14+00:00","breadcrumb":{"@id":"https:\/\/svt.ro\/optimoo\/ro\/contacteaza-un-specialist-optimoo\/#breadcrumb"},"inLanguage":"en-GB","potentialAction":[{"@type":"ReadAction","target":["https:\/\/svt.ro\/optimoo\/ro\/contacteaza-un-specialist-optimoo\/"]}]},{"@type":"BreadcrumbList","@id":"https:\/\/svt.ro\/optimoo\/ro\/contacteaza-un-specialist-optimoo\/#breadcrumb","itemListElement":[{"@type":"ListItem","position":1,"name":"Home","item":"https:\/\/svt.ro\/optimoo\/"},{"@type":"ListItem","position":2,"name":"Pagina de Start","item":"https:\/\/svt.ro\/optimoo\/"},{"@type":"ListItem","position":3,"name":"Contacteaz\u0103 un specialist Optimoo"}]},{"@type":"WebSite","@id":"https:\/\/svt.ro\/optimoo\/#website","url":"https:\/\/svt.ro\/optimoo\/","name":"Optimoo","description":"","potentialAction":[{"@type":"SearchAction","target":{"@type":"EntryPoint","urlTemplate":"https:\/\/svt.ro\/optimoo\/?s={search_term_string}"},"query-input":"required name=search_term_string"}],"inLanguage":"en-GB"}]}},"_links":{"self":[{"href":"https:\/\/svt.ro\/optimoo\/wp-json\/wp\/v2\/pages\/78"}],"collection":[{"href":"https:\/\/svt.ro\/optimoo\/wp-json\/wp\/v2\/pages"}],"about":[{"href":"https:\/\/svt.ro\/optimoo\/wp-json\/wp\/v2\/types\/page"}],"author":[{"embeddable":true,"href":"https:\/\/svt.ro\/optimoo\/wp-json\/wp\/v2\/users\/1"}],"replies":[{"embeddable":true,"href":"https:\/\/svt.ro\/optimoo\/wp-json\/wp\/v2\/comments?post=78"}],"version-history":[{"count":21,"href":"https:\/\/svt.ro\/optimoo\/wp-json\/wp\/v2\/pages\/78\/revisions"}],"predecessor-version":[{"id":1118,"href":"https:\/\/svt.ro\/optimoo\/wp-json\/wp\/v2\/pages\/78\/revisions\/1118"}],"up":[{"embeddable":true,"href":"https:\/\/svt.ro\/optimoo\/wp-json\/wp\/v2\/pages\/2"}],"wp:attachment":[{"href":"https:\/\/svt.ro\/optimoo\/wp-json\/wp\/v2\/media?parent=78"}],"curies":[{"name":"wp","href":"https:\/\/api.w.org\/{rel}","templated":true}]}}