{"id":572,"date":"2021-06-07T08:38:14","date_gmt":"2021-06-07T05:38:14","guid":{"rendered":"https:\/\/svt.ro\/optimoo\/?page_id=572"},"modified":"2021-06-18T10:03:44","modified_gmt":"2021-06-18T07:03:44","slug":"solicita-un-demo","status":"publish","type":"page","link":"https:\/\/svt.ro\/optimoo\/ro\/solicita-un-demo\/","title":{"rendered":"Solicit\u0103 un DEMO!"},"content":{"rendered":"<p>\u0218tim c\u0103 \u00ee\u021bi dore\u0219ti s\u0103 eficientizezi procesele de HR, dar poate ai nel\u0103muriri despre modul \u00een care Optimoo te poate ajuta.<\/p>\n<p>De aceea \u00ee\u021bi oferim posibilitatea de a discuta cu un specialist Optimoo despre nevoile companiei tale. Vei descoperi func\u021bionalit\u0103\u021bile \u0219i beneficiile sistemului nostru de pontaj, vei afla r\u0103spunsuri la toate \u00eentreb\u0103rile tale \u0219i ve\u021bi parcurge \u00eempreun\u0103 cerin\u021bele specifice ale companiei tale astfel \u00eenc\u00e2t la final s\u0103 ai o imagine clar\u0103 \u0219i concret\u0103 despre solu\u021biile oferite.<\/p>\n<p>Programeaz\u0103 o \u00eent\u00e2lnire folosind formularul<span style=\"font-weight: 400\">\u00a0de mai jos\u00a0<\/span>:<\/p>\n<p><span style=\"font-weight: 400\">\u00a0<\/span><\/p>\n<div role=\"form\" class=\"wpcf7\" id=\"wpcf7-f588-o1\" lang=\"ro-RO\" dir=\"ltr\">\n<div class=\"screen-reader-response\">\n<p role=\"status\" aria-live=\"polite\" aria-atomic=\"true\">\n<ul><\/ul>\n<\/div>\n<form action=\"\/optimoo\/wp-json\/wp\/v2\/pages\/572#wpcf7-f588-o1\" method=\"post\" class=\"wpcf7-form init\" novalidate=\"novalidate\" data-status=\"init\">\n<div style=\"display: none;\">\n<input type=\"hidden\" name=\"_wpcf7\" value=\"588\" \/><br \/>\n<input type=\"hidden\" name=\"_wpcf7_version\" value=\"5.6.3\" \/><br \/>\n<input type=\"hidden\" name=\"_wpcf7_locale\" value=\"ro_RO\" \/><br \/>\n<input type=\"hidden\" name=\"_wpcf7_unit_tag\" value=\"wpcf7-f588-o1\" \/><br \/>\n<input type=\"hidden\" name=\"_wpcf7_container_post\" value=\"0\" \/><br \/>\n<input type=\"hidden\" name=\"_wpcf7_posted_data_hash\" value=\"\" \/><br \/>\n<input type=\"hidden\" name=\"_wpcf7cf_hidden_group_fields\" value=\"[]\" \/><br \/>\n<input type=\"hidden\" name=\"_wpcf7cf_hidden_groups\" value=\"[]\" \/><br \/>\n<input type=\"hidden\" name=\"_wpcf7cf_visible_groups\" value=\"[]\" \/><br \/>\n<input type=\"hidden\" name=\"_wpcf7cf_repeaters\" value=\"[]\" \/><br \/>\n<input type=\"hidden\" name=\"_wpcf7cf_steps\" value=\"{}\" \/><br \/>\n<input type=\"hidden\" name=\"_wpcf7cf_options\" value=\"{&quot;form_id&quot;:588,&quot;conditions&quot;:[],&quot;settings&quot;:{&quot;animation&quot;:&quot;yes&quot;,&quot;animation_intime&quot;:200,&quot;animation_outtime&quot;:200,&quot;conditions_ui&quot;:&quot;normal&quot;,&quot;notice_dismissed&quot;:false,&quot;notice_dismissed_rollback-cf7-5.4&quot;:true}}\" \/><br \/>\n<input type=\"hidden\" name=\"_wpcf7_recaptcha_response\" value=\"\" \/>\n<\/div>\n<div class=\"wpcf7-response-output\" aria-hidden=\"true\"><\/div>\n<div class=\"row\">\n<label class=\"col size-1-2 field-wrap\"><span>Nume *<\/span><span class=\"wpcf7-form-control-wrap\" data-name=\"full_name\"><input type=\"text\" name=\"full_name\" value=\"\" size=\"40\" class=\"wpcf7-form-control wpcf7-text wpcf7-validates-as-required field\" id=\"field-full_name\" aria-required=\"true\" aria-invalid=\"false\" \/><\/span><\/label><br \/>\n<label class=\"col size-1-2 field-wrap\"><span>Companie *<\/span><span class=\"wpcf7-form-control-wrap\" data-name=\"company_name\"><input type=\"text\" name=\"company_name\" value=\"\" size=\"40\" class=\"wpcf7-form-control wpcf7-text wpcf7-validates-as-required field\" id=\"field-company_name\" aria-required=\"true\" aria-invalid=\"false\" \/><\/span><\/label>\n<\/div>\n<div class=\"row\">\n<label class=\"col size-1-2 field-wrap\"><span>Telefon *<\/span><span class=\"wpcf7-form-control-wrap\" data-name=\"phone_number\"><input type=\"tel\" name=\"phone_number\" value=\"\" size=\"40\" class=\"wpcf7-form-control wpcf7-text wpcf7-tel wpcf7-validates-as-required wpcf7-validates-as-tel field\" id=\"field-phone_number\" aria-required=\"true\" aria-invalid=\"false\" \/><\/span><\/label><br \/>\n<label class=\"col size-1-2 field-wrap\"><span>Email *<\/span><span class=\"wpcf7-form-control-wrap\" data-name=\"email_address\"><input type=\"email\" name=\"email_address\" value=\"\" size=\"40\" class=\"wpcf7-form-control wpcf7-text wpcf7-email wpcf7-validates-as-required wpcf7-validates-as-email field\" id=\"field-email_address\" aria-required=\"true\" aria-invalid=\"false\" \/><\/span><\/label>\n<\/div>\n<div class=\"row\">\n<label class=\"col size-1-1 field-wrap\"><span>Mesaj<\/span><span class=\"wpcf7-form-control-wrap\" data-name=\"message_content\"><textarea name=\"message_content\" cols=\"40\" rows=\"10\" class=\"wpcf7-form-control wpcf7-textarea field\" id=\"field-message_content\" aria-invalid=\"false\"><\/textarea><\/span><\/label>\n<\/div>\n<div class=\"row\">\n<label class=\"col size-1-1 field-wrap\"><span class=\"wpcf7-form-control-wrap\" data-name=\"accept_terms\"><span class=\"wpcf7-form-control wpcf7-acceptance\"><span class=\"wpcf7-list-item\"><label><input type=\"checkbox\" name=\"accept_terms\" value=\"1\" aria-invalid=\"false\" \/><span class=\"wpcf7-list-item-label\">Am citit \u0219i sunt de acord cu <a href=\"https:\/\/svt.ro\/optimoo\/ro\/protectia-datelor-personale\/\">Politica de confiden\u021bialitate<\/a><\/span><\/label><\/span><\/span><\/span><\/label>\n<\/div>\n<div class=\"row\">\n<div class=\"col size-1-2 bottom\">C\u00e2mpurile marcate cu * sunt obligatorii.<\/div>\n<div class=\"col size-1-2 bottom clear-content\"><input type=\"submit\" value=\"Trimite\" class=\"wpcf7-form-control has-spinner wpcf7-submit action floatright\" id=\"action-submit\" \/><\/div>\n<\/div>\n<\/form>\n<\/div>\n","protected":false},"excerpt":{"rendered":"<p>\u0218tim c\u0103 \u00ee\u021bi dore\u0219ti s\u0103 eficientizezi procesele de HR, dar poate ai nel\u0103muriri despre modul \u00een care Optimoo te poate ajuta. De aceea \u00ee\u021bi oferim posibilitatea de a discuta cu\u2026<\/p>\n","protected":false},"author":1,"featured_media":0,"parent":2,"menu_order":0,"comment_status":"closed","ping_status":"closed","template":"","meta":[],"acf":[],"yoast_head":"<!-- This site is optimized with the Yoast SEO plugin v19.6.1 - https:\/\/yoast.com\/wordpress\/plugins\/seo\/ -->\n<title>Solicit\u0103 un DEMO! - Optimoo<\/title>\n<meta name=\"robots\" content=\"noindex, follow, max-snippet:-1, max-image-preview:large, max-video-preview:-1\" \/>\n<meta property=\"og:locale\" content=\"en_GB\" \/>\n<meta property=\"og:type\" content=\"article\" \/>\n<meta property=\"og:title\" content=\"Solicit\u0103 un DEMO! - Optimoo\" \/>\n<meta property=\"og:description\" content=\"\u0218tim c\u0103 \u00ee\u021bi dore\u0219ti s\u0103 eficientizezi procesele de HR, dar poate ai nel\u0103muriri despre modul \u00een care Optimoo te poate ajuta. De aceea \u00ee\u021bi oferim posibilitatea de a discuta cu\u2026\" \/>\n<meta property=\"og:url\" content=\"https:\/\/svt.ro\/optimoo\/ro\/solicita-un-demo\/\" \/>\n<meta property=\"og:site_name\" content=\"Optimoo\" \/>\n<meta property=\"article:modified_time\" content=\"2021-06-18T07:03:44+00:00\" \/>\n<meta name=\"twitter:card\" content=\"summary_large_image\" \/>\n<meta name=\"twitter:label1\" content=\"Estimated reading time\" \/>\n\t<meta name=\"twitter:data1\" content=\"1 minute\" \/>\n<script type=\"application\/ld+json\" class=\"yoast-schema-graph\">{\"@context\":\"https:\/\/schema.org\",\"@graph\":[{\"@type\":\"WebPage\",\"@id\":\"https:\/\/svt.ro\/optimoo\/ro\/solicita-un-demo\/\",\"url\":\"https:\/\/svt.ro\/optimoo\/ro\/solicita-un-demo\/\",\"name\":\"Solicit\u0103 un DEMO! - Optimoo\",\"isPartOf\":{\"@id\":\"https:\/\/svt.ro\/optimoo\/#website\"},\"datePublished\":\"2021-06-07T05:38:14+00:00\",\"dateModified\":\"2021-06-18T07:03:44+00:00\",\"breadcrumb\":{\"@id\":\"https:\/\/svt.ro\/optimoo\/ro\/solicita-un-demo\/#breadcrumb\"},\"inLanguage\":\"en-GB\",\"potentialAction\":[{\"@type\":\"ReadAction\",\"target\":[\"https:\/\/svt.ro\/optimoo\/ro\/solicita-un-demo\/\"]}]},{\"@type\":\"BreadcrumbList\",\"@id\":\"https:\/\/svt.ro\/optimoo\/ro\/solicita-un-demo\/#breadcrumb\",\"itemListElement\":[{\"@type\":\"ListItem\",\"position\":1,\"name\":\"Home\",\"item\":\"https:\/\/svt.ro\/optimoo\/\"},{\"@type\":\"ListItem\",\"position\":2,\"name\":\"Pagina de Start\",\"item\":\"https:\/\/svt.ro\/optimoo\/\"},{\"@type\":\"ListItem\",\"position\":3,\"name\":\"Solicit\u0103 un DEMO!\"}]},{\"@type\":\"WebSite\",\"@id\":\"https:\/\/svt.ro\/optimoo\/#website\",\"url\":\"https:\/\/svt.ro\/optimoo\/\",\"name\":\"Optimoo\",\"description\":\"\",\"potentialAction\":[{\"@type\":\"SearchAction\",\"target\":{\"@type\":\"EntryPoint\",\"urlTemplate\":\"https:\/\/svt.ro\/optimoo\/?s={search_term_string}\"},\"query-input\":\"required name=search_term_string\"}],\"inLanguage\":\"en-GB\"}]}<\/script>\n<!-- \/ Yoast SEO plugin. -->","yoast_head_json":{"title":"Solicit\u0103 un DEMO! - Optimoo","robots":{"index":"noindex","follow":"follow","max-snippet":"max-snippet:-1","max-image-preview":"max-image-preview:large","max-video-preview":"max-video-preview:-1"},"og_locale":"en_GB","og_type":"article","og_title":"Solicit\u0103 un DEMO! - Optimoo","og_description":"\u0218tim c\u0103 \u00ee\u021bi dore\u0219ti s\u0103 eficientizezi procesele de HR, dar poate ai nel\u0103muriri despre modul \u00een care Optimoo te poate ajuta. De aceea \u00ee\u021bi oferim posibilitatea de a discuta cu\u2026","og_url":"https:\/\/svt.ro\/optimoo\/ro\/solicita-un-demo\/","og_site_name":"Optimoo","article_modified_time":"2021-06-18T07:03:44+00:00","twitter_card":"summary_large_image","twitter_misc":{"Estimated reading time":"1 minute"},"schema":{"@context":"https:\/\/schema.org","@graph":[{"@type":"WebPage","@id":"https:\/\/svt.ro\/optimoo\/ro\/solicita-un-demo\/","url":"https:\/\/svt.ro\/optimoo\/ro\/solicita-un-demo\/","name":"Solicit\u0103 un DEMO! - Optimoo","isPartOf":{"@id":"https:\/\/svt.ro\/optimoo\/#website"},"datePublished":"2021-06-07T05:38:14+00:00","dateModified":"2021-06-18T07:03:44+00:00","breadcrumb":{"@id":"https:\/\/svt.ro\/optimoo\/ro\/solicita-un-demo\/#breadcrumb"},"inLanguage":"en-GB","potentialAction":[{"@type":"ReadAction","target":["https:\/\/svt.ro\/optimoo\/ro\/solicita-un-demo\/"]}]},{"@type":"BreadcrumbList","@id":"https:\/\/svt.ro\/optimoo\/ro\/solicita-un-demo\/#breadcrumb","itemListElement":[{"@type":"ListItem","position":1,"name":"Home","item":"https:\/\/svt.ro\/optimoo\/"},{"@type":"ListItem","position":2,"name":"Pagina de Start","item":"https:\/\/svt.ro\/optimoo\/"},{"@type":"ListItem","position":3,"name":"Solicit\u0103 un DEMO!"}]},{"@type":"WebSite","@id":"https:\/\/svt.ro\/optimoo\/#website","url":"https:\/\/svt.ro\/optimoo\/","name":"Optimoo","description":"","potentialAction":[{"@type":"SearchAction","target":{"@type":"EntryPoint","urlTemplate":"https:\/\/svt.ro\/optimoo\/?s={search_term_string}"},"query-input":"required name=search_term_string"}],"inLanguage":"en-GB"}]}},"_links":{"self":[{"href":"https:\/\/svt.ro\/optimoo\/wp-json\/wp\/v2\/pages\/572"}],"collection":[{"href":"https:\/\/svt.ro\/optimoo\/wp-json\/wp\/v2\/pages"}],"about":[{"href":"https:\/\/svt.ro\/optimoo\/wp-json\/wp\/v2\/types\/page"}],"author":[{"embeddable":true,"href":"https:\/\/svt.ro\/optimoo\/wp-json\/wp\/v2\/users\/1"}],"replies":[{"embeddable":true,"href":"https:\/\/svt.ro\/optimoo\/wp-json\/wp\/v2\/comments?post=572"}],"version-history":[{"count":11,"href":"https:\/\/svt.ro\/optimoo\/wp-json\/wp\/v2\/pages\/572\/revisions"}],"predecessor-version":[{"id":1010,"href":"https:\/\/svt.ro\/optimoo\/wp-json\/wp\/v2\/pages\/572\/revisions\/1010"}],"up":[{"embeddable":true,"href":"https:\/\/svt.ro\/optimoo\/wp-json\/wp\/v2\/pages\/2"}],"wp:attachment":[{"href":"https:\/\/svt.ro\/optimoo\/wp-json\/wp\/v2\/media?parent=572"}],"curies":[{"name":"wp","href":"https:\/\/api.w.org\/{rel}","templated":true}]}}