{"id":37,"date":"2021-03-24T13:23:15","date_gmt":"2021-03-24T11:23:15","guid":{"rendered":"https:\/\/svt.ro\/optimoo\/?page_id=37"},"modified":"2021-06-10T12:15:08","modified_gmt":"2021-06-10T09:15:08","slug":"az-optimoo","status":"publish","type":"page","link":"https:\/\/svt.ro\/optimoo\/hu\/az-optimoo\/","title":{"rendered":"Az Optimoo"},"content":{"rendered":"<p><strong>Ce este Optimoo?<\/strong><\/p>\n<p>Optimoo este un serviciu de tip software creat pentru monitorizarea programului de lucru \u0219i sus\u021binerea proceselor de management al resurselor umane. Fiind dedicat cu prec\u0103dere companiilor mari \u0219i mijlocii, sistemul ofer\u0103 func\u021bii complexe, dar \u00een acela\u0219i timp este u\u0219or de implementat \u0219i utilizat. <strong>Sistemul preia unele sarcini consumatoare de timp de la responsabilii de HR, timpul astfel economisit put\u00e2nd fi alocat unor sarcini generatoare de valoare, precum dezvoltarea \u0219i motivarea colegilor.<\/strong><\/p>\n<p><strong>Optimo faciliteaz\u0103 digitalizarea proceselor referitoare la administra\u021bia personalului<\/strong>, furnizeaz\u0103 date personalizate, precise \u0219i trasabile, ajut\u0103 la organizarea schimburilor de lucru, urm\u0103rirea orelor suplimentare \u0219i a concediilor. Prin datele colectate \u0219i rapoartele oferite, Optimoo simplific\u0103 unele procese de HR esen\u021biale, precum determinarea obiectivelor \u0219i evalu\u0103rile periodice.<\/p>\n<p>Am creat Optimoo av\u00e2nd \u00een centrul aten\u021biei oamenii din companii \u0219i nevoile lor. Experien\u021ba echipei noastre \u00een dezvoltarea de solu\u021bii dedicate mediului de afaceri autohton ne permite s\u0103 personaliz\u0103m produsul dup\u0103 cerin\u021bele fiec\u0103rui client \u00een parte. De aceea, <strong>colaborarea cu noi nu se \u00eencheie la implementarea produsului, ci abia atunci \u00eencepe<\/strong>. Suportul post v\u00e2nzare, prin care dorim s\u0103 ne asigur\u0103m c\u0103 sistemul \u00ee\u0219i \u00eendepline\u0219te cu succes obiectivele, este ceea ce ne diferen\u021biaz\u0103 pe pia\u021b\u0103 \u0219i motivul pentru care multe companii din Rom\u00e2nia ne-au ales pe noi.<\/p>\n<p><strong>Optimoo are func\u021bionalit\u0103\u021bi multiple, care pot fi adaptate la nevoile fiec\u0103rei companii. Rolul lor este s\u0103 ajute la eficientizarea activit\u0103\u021bii angaja\u021bilor \u0219i la simplificarea proceselor de HR, economisind astfel timp, energie \u0219i bani pentru companie.<\/strong><\/p>\n","protected":false},"excerpt":{"rendered":"<p>Ce este Optimoo? Optimoo este un serviciu de tip software creat pentru monitorizarea programului de lucru \u0219i sus\u021binerea proceselor de management al resurselor umane. Fiind dedicat cu prec\u0103dere companiilor mari\u2026<\/p>\n","protected":false},"author":1,"featured_media":0,"parent":31,"menu_order":0,"comment_status":"closed","ping_status":"closed","template":"page-products.php","meta":[],"acf":[],"yoast_head":"<!-- This site is optimized with the Yoast SEO plugin v19.6.1 - https:\/\/yoast.com\/wordpress\/plugins\/seo\/ -->\n<title>Az Optimoo - Optimoo<\/title>\n<meta name=\"robots\" content=\"noindex, follow, max-snippet:-1, max-image-preview:large, max-video-preview:-1\" \/>\n<meta property=\"og:locale\" content=\"en_GB\" \/>\n<meta property=\"og:type\" content=\"article\" \/>\n<meta property=\"og:title\" content=\"Az Optimoo - Optimoo\" \/>\n<meta property=\"og:description\" content=\"Ce este Optimoo? Optimoo este un serviciu de tip software creat pentru monitorizarea programului de lucru \u0219i sus\u021binerea proceselor de management al resurselor umane. Fiind dedicat cu prec\u0103dere companiilor mari\u2026\" \/>\n<meta property=\"og:url\" content=\"https:\/\/svt.ro\/optimoo\/hu\/az-optimoo\/\" \/>\n<meta property=\"og:site_name\" content=\"Optimoo\" \/>\n<meta property=\"article:modified_time\" content=\"2021-06-10T09:15:08+00:00\" \/>\n<meta name=\"twitter:card\" content=\"summary_large_image\" \/>\n<meta name=\"twitter:label1\" content=\"Estimated reading time\" \/>\n\t<meta name=\"twitter:data1\" content=\"1 minute\" \/>\n<script type=\"application\/ld+json\" class=\"yoast-schema-graph\">{\"@context\":\"https:\/\/schema.org\",\"@graph\":[{\"@type\":\"WebPage\",\"@id\":\"https:\/\/svt.ro\/optimoo\/hu\/az-optimoo\/\",\"url\":\"https:\/\/svt.ro\/optimoo\/hu\/az-optimoo\/\",\"name\":\"Az Optimoo - Optimoo\",\"isPartOf\":{\"@id\":\"https:\/\/svt.ro\/optimoo\/#website\"},\"datePublished\":\"2021-03-24T11:23:15+00:00\",\"dateModified\":\"2021-06-10T09:15:08+00:00\",\"breadcrumb\":{\"@id\":\"https:\/\/svt.ro\/optimoo\/hu\/az-optimoo\/#breadcrumb\"},\"inLanguage\":\"en-GB\",\"potentialAction\":[{\"@type\":\"ReadAction\",\"target\":[\"https:\/\/svt.ro\/optimoo\/hu\/az-optimoo\/\"]}]},{\"@type\":\"BreadcrumbList\",\"@id\":\"https:\/\/svt.ro\/optimoo\/hu\/az-optimoo\/#breadcrumb\",\"itemListElement\":[{\"@type\":\"ListItem\",\"position\":1,\"name\":\"Home\",\"item\":\"https:\/\/svt.ro\/optimoo\/\"},{\"@type\":\"ListItem\",\"position\":2,\"name\":\"F\u0151oldal\",\"item\":\"https:\/\/svt.ro\/optimoo\/hu\/\"},{\"@type\":\"ListItem\",\"position\":3,\"name\":\"Az Optimoo\"}]},{\"@type\":\"WebSite\",\"@id\":\"https:\/\/svt.ro\/optimoo\/#website\",\"url\":\"https:\/\/svt.ro\/optimoo\/\",\"name\":\"Optimoo\",\"description\":\"\",\"potentialAction\":[{\"@type\":\"SearchAction\",\"target\":{\"@type\":\"EntryPoint\",\"urlTemplate\":\"https:\/\/svt.ro\/optimoo\/?s={search_term_string}\"},\"query-input\":\"required name=search_term_string\"}],\"inLanguage\":\"en-GB\"}]}<\/script>\n<!-- \/ Yoast SEO plugin. -->","yoast_head_json":{"title":"Az Optimoo - Optimoo","robots":{"index":"noindex","follow":"follow","max-snippet":"max-snippet:-1","max-image-preview":"max-image-preview:large","max-video-preview":"max-video-preview:-1"},"og_locale":"en_GB","og_type":"article","og_title":"Az Optimoo - Optimoo","og_description":"Ce este Optimoo? Optimoo este un serviciu de tip software creat pentru monitorizarea programului de lucru \u0219i sus\u021binerea proceselor de management al resurselor umane. Fiind dedicat cu prec\u0103dere companiilor mari\u2026","og_url":"https:\/\/svt.ro\/optimoo\/hu\/az-optimoo\/","og_site_name":"Optimoo","article_modified_time":"2021-06-10T09:15:08+00:00","twitter_card":"summary_large_image","twitter_misc":{"Estimated reading time":"1 minute"},"schema":{"@context":"https:\/\/schema.org","@graph":[{"@type":"WebPage","@id":"https:\/\/svt.ro\/optimoo\/hu\/az-optimoo\/","url":"https:\/\/svt.ro\/optimoo\/hu\/az-optimoo\/","name":"Az Optimoo - Optimoo","isPartOf":{"@id":"https:\/\/svt.ro\/optimoo\/#website"},"datePublished":"2021-03-24T11:23:15+00:00","dateModified":"2021-06-10T09:15:08+00:00","breadcrumb":{"@id":"https:\/\/svt.ro\/optimoo\/hu\/az-optimoo\/#breadcrumb"},"inLanguage":"en-GB","potentialAction":[{"@type":"ReadAction","target":["https:\/\/svt.ro\/optimoo\/hu\/az-optimoo\/"]}]},{"@type":"BreadcrumbList","@id":"https:\/\/svt.ro\/optimoo\/hu\/az-optimoo\/#breadcrumb","itemListElement":[{"@type":"ListItem","position":1,"name":"Home","item":"https:\/\/svt.ro\/optimoo\/"},{"@type":"ListItem","position":2,"name":"F\u0151oldal","item":"https:\/\/svt.ro\/optimoo\/hu\/"},{"@type":"ListItem","position":3,"name":"Az Optimoo"}]},{"@type":"WebSite","@id":"https:\/\/svt.ro\/optimoo\/#website","url":"https:\/\/svt.ro\/optimoo\/","name":"Optimoo","description":"","potentialAction":[{"@type":"SearchAction","target":{"@type":"EntryPoint","urlTemplate":"https:\/\/svt.ro\/optimoo\/?s={search_term_string}"},"query-input":"required name=search_term_string"}],"inLanguage":"en-GB"}]}},"_links":{"self":[{"href":"https:\/\/svt.ro\/optimoo\/wp-json\/wp\/v2\/pages\/37"}],"collection":[{"href":"https:\/\/svt.ro\/optimoo\/wp-json\/wp\/v2\/pages"}],"about":[{"href":"https:\/\/svt.ro\/optimoo\/wp-json\/wp\/v2\/types\/page"}],"author":[{"embeddable":true,"href":"https:\/\/svt.ro\/optimoo\/wp-json\/wp\/v2\/users\/1"}],"replies":[{"embeddable":true,"href":"https:\/\/svt.ro\/optimoo\/wp-json\/wp\/v2\/comments?post=37"}],"version-history":[{"count":4,"href":"https:\/\/svt.ro\/optimoo\/wp-json\/wp\/v2\/pages\/37\/revisions"}],"predecessor-version":[{"id":796,"href":"https:\/\/svt.ro\/optimoo\/wp-json\/wp\/v2\/pages\/37\/revisions\/796"}],"up":[{"embeddable":true,"href":"https:\/\/svt.ro\/optimoo\/wp-json\/wp\/v2\/pages\/31"}],"wp:attachment":[{"href":"https:\/\/svt.ro\/optimoo\/wp-json\/wp\/v2\/media?parent=37"}],"curies":[{"name":"wp","href":"https:\/\/api.w.org\/{rel}","templated":true}]}}