{"id":23,"date":"2021-03-24T13:18:05","date_gmt":"2021-03-24T11:18:05","guid":{"rendered":"https:\/\/svt.ro\/optimoo\/?page_id=23"},"modified":"2021-06-18T15:30:17","modified_gmt":"2021-06-18T12:30:17","slug":"functionalitati","status":"publish","type":"page","link":"https:\/\/svt.ro\/optimoo\/ro\/functionalitati\/","title":{"rendered":"Func\u021bionalit\u0103\u021bi"},"content":{"rendered":"<h2><strong>Ce este Optimoo?<\/strong><\/h2>\n<p><span style=\"font-weight: 400\">Optimoo este un serviciu de tip software creat pentru monitorizarea programului de lucru \u0219i sus\u021binerea proceselor de management al resurselor umane. Fiind dedicat cu prec\u0103dere companiilor mari \u0219i mijlocii, sistemul ofer\u0103 func\u021bii complexe, dar \u00een acela\u0219i timp este u\u0219or de implementat \u0219i utilizat.<\/p>\n<p>Sistemul are func\u021bionalit\u0103\u021bi multiple, care pot fi adaptate la nevoile fiec\u0103rei companii. Rolul lor este s\u0103 ajute la eficientizarea activit\u0103\u021bii angaja\u021bilor \u0219i la simplificarea proceselor de HR, economisind astfel timp, energie \u0219i bani pentru companie.<br \/>\n<\/span><\/p>\n","protected":false},"excerpt":{"rendered":"<p>Ce este Optimoo? Optimoo este un serviciu de tip software creat pentru monitorizarea programului de lucru \u0219i sus\u021binerea proceselor de management al resurselor umane. Fiind dedicat cu prec\u0103dere companiilor mari\u2026<\/p>\n","protected":false},"author":1,"featured_media":0,"parent":2,"menu_order":0,"comment_status":"closed","ping_status":"closed","template":"page-products.php","meta":[],"acf":[],"yoast_head":"<!-- This site is optimized with the Yoast SEO plugin v19.6.1 - https:\/\/yoast.com\/wordpress\/plugins\/seo\/ -->\n<title>Func\u021bionalit\u0103\u021bi - Optimoo<\/title>\n<meta name=\"robots\" content=\"noindex, follow, max-snippet:-1, max-image-preview:large, max-video-preview:-1\" \/>\n<meta property=\"og:locale\" content=\"en_GB\" \/>\n<meta property=\"og:type\" content=\"article\" \/>\n<meta property=\"og:title\" content=\"Func\u021bionalit\u0103\u021bi - Optimoo\" \/>\n<meta property=\"og:description\" content=\"Ce este Optimoo? Optimoo este un serviciu de tip software creat pentru monitorizarea programului de lucru \u0219i sus\u021binerea proceselor de management al resurselor umane. Fiind dedicat cu prec\u0103dere companiilor mari\u2026\" \/>\n<meta property=\"og:url\" content=\"https:\/\/svt.ro\/optimoo\/ro\/functionalitati\/\" \/>\n<meta property=\"og:site_name\" content=\"Optimoo\" \/>\n<meta property=\"article:modified_time\" content=\"2021-06-18T12:30:17+00:00\" \/>\n<meta name=\"twitter:card\" content=\"summary_large_image\" \/>\n<meta name=\"twitter:label1\" content=\"Estimated reading time\" \/>\n\t<meta name=\"twitter:data1\" content=\"1 minute\" \/>\n<script type=\"application\/ld+json\" class=\"yoast-schema-graph\">{\"@context\":\"https:\/\/schema.org\",\"@graph\":[{\"@type\":\"WebPage\",\"@id\":\"https:\/\/svt.ro\/optimoo\/ro\/functionalitati\/\",\"url\":\"https:\/\/svt.ro\/optimoo\/ro\/functionalitati\/\",\"name\":\"Func\u021bionalit\u0103\u021bi - Optimoo\",\"isPartOf\":{\"@id\":\"https:\/\/svt.ro\/optimoo\/#website\"},\"datePublished\":\"2021-03-24T11:18:05+00:00\",\"dateModified\":\"2021-06-18T12:30:17+00:00\",\"breadcrumb\":{\"@id\":\"https:\/\/svt.ro\/optimoo\/ro\/functionalitati\/#breadcrumb\"},\"inLanguage\":\"en-GB\",\"potentialAction\":[{\"@type\":\"ReadAction\",\"target\":[\"https:\/\/svt.ro\/optimoo\/ro\/functionalitati\/\"]}]},{\"@type\":\"BreadcrumbList\",\"@id\":\"https:\/\/svt.ro\/optimoo\/ro\/functionalitati\/#breadcrumb\",\"itemListElement\":[{\"@type\":\"ListItem\",\"position\":1,\"name\":\"Home\",\"item\":\"https:\/\/svt.ro\/optimoo\/\"},{\"@type\":\"ListItem\",\"position\":2,\"name\":\"Pagina de Start\",\"item\":\"https:\/\/svt.ro\/optimoo\/\"},{\"@type\":\"ListItem\",\"position\":3,\"name\":\"Func\u021bionalit\u0103\u021bi\"}]},{\"@type\":\"WebSite\",\"@id\":\"https:\/\/svt.ro\/optimoo\/#website\",\"url\":\"https:\/\/svt.ro\/optimoo\/\",\"name\":\"Optimoo\",\"description\":\"\",\"potentialAction\":[{\"@type\":\"SearchAction\",\"target\":{\"@type\":\"EntryPoint\",\"urlTemplate\":\"https:\/\/svt.ro\/optimoo\/?s={search_term_string}\"},\"query-input\":\"required name=search_term_string\"}],\"inLanguage\":\"en-GB\"}]}<\/script>\n<!-- \/ Yoast SEO plugin. -->","yoast_head_json":{"title":"Func\u021bionalit\u0103\u021bi - Optimoo","robots":{"index":"noindex","follow":"follow","max-snippet":"max-snippet:-1","max-image-preview":"max-image-preview:large","max-video-preview":"max-video-preview:-1"},"og_locale":"en_GB","og_type":"article","og_title":"Func\u021bionalit\u0103\u021bi - Optimoo","og_description":"Ce este Optimoo? Optimoo este un serviciu de tip software creat pentru monitorizarea programului de lucru \u0219i sus\u021binerea proceselor de management al resurselor umane. Fiind dedicat cu prec\u0103dere companiilor mari\u2026","og_url":"https:\/\/svt.ro\/optimoo\/ro\/functionalitati\/","og_site_name":"Optimoo","article_modified_time":"2021-06-18T12:30:17+00:00","twitter_card":"summary_large_image","twitter_misc":{"Estimated reading time":"1 minute"},"schema":{"@context":"https:\/\/schema.org","@graph":[{"@type":"WebPage","@id":"https:\/\/svt.ro\/optimoo\/ro\/functionalitati\/","url":"https:\/\/svt.ro\/optimoo\/ro\/functionalitati\/","name":"Func\u021bionalit\u0103\u021bi - Optimoo","isPartOf":{"@id":"https:\/\/svt.ro\/optimoo\/#website"},"datePublished":"2021-03-24T11:18:05+00:00","dateModified":"2021-06-18T12:30:17+00:00","breadcrumb":{"@id":"https:\/\/svt.ro\/optimoo\/ro\/functionalitati\/#breadcrumb"},"inLanguage":"en-GB","potentialAction":[{"@type":"ReadAction","target":["https:\/\/svt.ro\/optimoo\/ro\/functionalitati\/"]}]},{"@type":"BreadcrumbList","@id":"https:\/\/svt.ro\/optimoo\/ro\/functionalitati\/#breadcrumb","itemListElement":[{"@type":"ListItem","position":1,"name":"Home","item":"https:\/\/svt.ro\/optimoo\/"},{"@type":"ListItem","position":2,"name":"Pagina de Start","item":"https:\/\/svt.ro\/optimoo\/"},{"@type":"ListItem","position":3,"name":"Func\u021bionalit\u0103\u021bi"}]},{"@type":"WebSite","@id":"https:\/\/svt.ro\/optimoo\/#website","url":"https:\/\/svt.ro\/optimoo\/","name":"Optimoo","description":"","potentialAction":[{"@type":"SearchAction","target":{"@type":"EntryPoint","urlTemplate":"https:\/\/svt.ro\/optimoo\/?s={search_term_string}"},"query-input":"required name=search_term_string"}],"inLanguage":"en-GB"}]}},"_links":{"self":[{"href":"https:\/\/svt.ro\/optimoo\/wp-json\/wp\/v2\/pages\/23"}],"collection":[{"href":"https:\/\/svt.ro\/optimoo\/wp-json\/wp\/v2\/pages"}],"about":[{"href":"https:\/\/svt.ro\/optimoo\/wp-json\/wp\/v2\/types\/page"}],"author":[{"embeddable":true,"href":"https:\/\/svt.ro\/optimoo\/wp-json\/wp\/v2\/users\/1"}],"replies":[{"embeddable":true,"href":"https:\/\/svt.ro\/optimoo\/wp-json\/wp\/v2\/comments?post=23"}],"version-history":[{"count":14,"href":"https:\/\/svt.ro\/optimoo\/wp-json\/wp\/v2\/pages\/23\/revisions"}],"predecessor-version":[{"id":1022,"href":"https:\/\/svt.ro\/optimoo\/wp-json\/wp\/v2\/pages\/23\/revisions\/1022"}],"up":[{"embeddable":true,"href":"https:\/\/svt.ro\/optimoo\/wp-json\/wp\/v2\/pages\/2"}],"wp:attachment":[{"href":"https:\/\/svt.ro\/optimoo\/wp-json\/wp\/v2\/media?parent=23"}],"curies":[{"name":"wp","href":"https:\/\/api.w.org\/{rel}","templated":true}]}}